{"id":19,"date":"2015-01-03T14:40:35","date_gmt":"2015-01-03T13:40:35","guid":{"rendered":"http:\/\/mental-safari.com\/?page_id=19"},"modified":"2016-12-10T15:10:07","modified_gmt":"2016-12-10T14:10:07","slug":"mental-safari","status":"publish","type":"page","link":"http:\/\/mental-safari.com\/?page_id=19","title":{"rendered":"MENTAL SAFARI"},"content":{"rendered":"<h1><img loading=\"lazy\" decoding=\"async\" class=\"wp-image-227 alignnone\" src=\"http:\/\/mental-safari.com\/wp-content\/uploads\/2015\/01\/P1140674-300x169.jpg\" alt=\"p1140674\" width=\"802\" height=\"452\" srcset=\"http:\/\/mental-safari.com\/wp-content\/uploads\/2015\/01\/P1140674-300x169.jpg 300w, http:\/\/mental-safari.com\/wp-content\/uploads\/2015\/01\/P1140674-768x432.jpg 768w, http:\/\/mental-safari.com\/wp-content\/uploads\/2015\/01\/P1140674-1024x576.jpg 1024w\" sizes=\"auto, (max-width: 802px) 100vw, 802px\" \/><\/h1>\n<h1>SAFARI = REISE<\/h1>\n<p>(For English version please see below)<\/p>\n<p>Safari kommt aus der Swahili-Sprache und bedeutet &#8222;Reise&#8220;. Auf eine mentale Safari gehen bedeutet, sich zu entspannen, sich abzulenken, seine Gedanken abschweifen zu lassen.<\/p>\n<p>Besser geht das, wenn man auch in der Realit\u00e4t auf Safari geht, weil man dann die Bilder, die Erfahrungen, die Erlebnisse besser im Gehirn bei seiner mentalen Safari abrufen kann. Man geht auf Reisen, nach Afrika aber auch nach innen. Eine mentale Safari&#8230;<\/p>\n<p>Ich verbinde die reale Reise aus dem Alltag (Safari)<br \/>\nmit \u00dcbungen zur mentalen Fitness (Mental)<br \/>\nzu einem ganzheitlichen Konzept:<br \/>\nMENTAL SAFARI<\/p>\n<p>Durch die reale Reise schafft man dabei eine sehr gute Grundlage f\u00fcr die gedankliche Reise.<\/p>\n<p>[huge_it_slider id=&#8220;2&#8243;]<br \/>\n<strong>Unser Konzeptansatz:<\/strong><\/p>\n<p><strong>Der eine Teil der Reise ist die reale Safari.<\/strong><br \/>\nWir gehen auf Jagd nach den BIG 5.<br \/>\nIm Kr\u00fcger Nationalpark.<br \/>\nHier war ich selbst schon 5 Mal und kenne inzwischen den Park ganz gut und wei\u00df, wo eine gro\u00dfe Wahrscheinlichkeit besteht, die BIG 5 anzutreffen.<\/p>\n<p><strong>Der zweite Teil der Reise findet im Kopf statt.<\/strong><br \/>\nDas Ziel ist es mental fit zu sein.<br \/>\nEine innere Balance zu finden, die einem die Ruhe f\u00fcr mehr Kraft gibt.<br \/>\nDie reale Reise dauert ca. eine Woche.<br \/>\nDie mentale Reise dagegen ist unbegrenzt.<\/p>\n<p>Deshalb schule ich in dieser Woche auch, wie man die Eindr\u00fccke der realen Reise auch sp\u00e4ter zu Hause nutzen kann.<\/p>\n<p>&nbsp;<\/p>\n<p><strong>A journey through Africa to yourself<\/strong><\/p>\n<p>The translation of &#8222;Safari&#8220; in Swahili is &#8222;journey&#8220;. To go on a mental safari means to relax, distract, to let your thoughts wander. This works best if you go on safari in the real world, because then the images and experiences in your brain will be better retrieved for a mental safari.<\/p>\n<p>You will go on a journey to Africa but also inward. A mental safari&#8230;<\/p>\n<p>In a holistic approach I like to combine the real journey through Africa (Safari) with mental fitness exercises(mental):<\/p>\n<p>One part\u00a0of the trip is\u00a0a real\u00a0safari.<br \/>\nWe\u00a0go\u00a0to\u00a0hunt for the\u00a0BIG\u00a05 (with\u00a0a camera).<br \/>\nIn the\u00a0Kruger\u00a0National\u00a0Park.<\/p>\n<p>The second\u00a0part of the trip\u00a0is in your mind.<br \/>\nThe\u00a0goal is\u00a0to\u00a0be mentally\u00a0fit.<br \/>\nTo find\u00a0an inner\u00a0balance that\u00a0gives you\u00a0peace\u00a0and\u00a0more power.<br \/>\nThe\u00a0real\u00a0journey\u00a0takes about\u00a0one week.<br \/>\nThe mental\u00a0journey, however, is\u00a0unlimited.<\/p>\n","protected":false},"excerpt":{"rendered":"<p>SAFARI = REISE (For English version please see below) Safari kommt aus der Swahili-Sprache und bedeutet &#8222;Reise&#8220;. Auf eine mentale Safari gehen bedeutet, sich zu entspannen, sich abzulenken, seine Gedanken abschweifen zu lassen. Besser geht das, wenn man auch in der Realit\u00e4t auf Safari geht, weil man dann die Bilder, die Erfahrungen, die Erlebnisse besser<a class=\"moretag\" href=\"http:\/\/mental-safari.com\/?page_id=19\"><span class=\"screen-reader-text\">Read more about MENTAL SAFARI<\/span>[&#8230;]<\/a><\/p>\n","protected":false},"author":1,"featured_media":193,"parent":0,"menu_order":0,"comment_status":"open","ping_status":"open","template":"","meta":{"footnotes":""},"class_list":["post-19","page","type-page","status-publish","has-post-thumbnail","hentry"],"yoast_head":"<!-- This site is optimized with the Yoast SEO plugin v27.4 - https:\/\/yoast.com\/product\/yoast-seo-wordpress\/ -->\n<title>MENTAL SAFARI - Neuro-Mental-Coaching: Mehr pers\u00f6nlicher Erfolg durch mentale St\u00e4rke<\/title>\n<meta name=\"robots\" content=\"index, follow, max-snippet:-1, max-image-preview:large, max-video-preview:-1\" \/>\n<link rel=\"canonical\" href=\"http:\/\/mental-safari.com\/?page_id=19\" \/>\n<meta property=\"og:locale\" content=\"de_DE\" \/>\n<meta property=\"og:type\" content=\"article\" \/>\n<meta property=\"og:title\" content=\"MENTAL SAFARI - Neuro-Mental-Coaching: Mehr pers\u00f6nlicher Erfolg durch mentale St\u00e4rke\" \/>\n<meta property=\"og:description\" content=\"SAFARI = REISE (For English version please see below) Safari kommt aus der Swahili-Sprache und bedeutet &#8222;Reise&#8220;. Auf eine mentale Safari gehen bedeutet, sich zu entspannen, sich abzulenken, seine Gedanken abschweifen zu lassen. Besser geht das, wenn man auch in der Realit\u00e4t auf Safari geht, weil man dann die Bilder, die Erfahrungen, die Erlebnisse besserRead more about MENTAL SAFARI[...]\" \/>\n<meta property=\"og:url\" content=\"http:\/\/mental-safari.com\/?page_id=19\" \/>\n<meta property=\"og:site_name\" content=\"Neuro-Mental-Coaching: Mehr pers\u00f6nlicher Erfolg durch mentale St\u00e4rke\" \/>\n<meta property=\"article:modified_time\" content=\"2016-12-10T14:10:07+00:00\" \/>\n<meta property=\"og:image\" content=\"http:\/\/mental-safari.com\/wp-content\/uploads\/2016\/11\/DSCN1471-1024x576.jpg\" \/>\n\t<meta property=\"og:image:width\" content=\"1024\" \/>\n\t<meta property=\"og:image:height\" content=\"576\" \/>\n\t<meta property=\"og:image:type\" content=\"image\/jpeg\" \/>\n<meta name=\"twitter:card\" content=\"summary_large_image\" \/>\n<meta name=\"twitter:label1\" content=\"Gesch\u00e4tzte Lesezeit\" \/>\n\t<meta name=\"twitter:data1\" content=\"2\u00a0Minuten\" \/>\n<script type=\"application\/ld+json\" class=\"yoast-schema-graph\">{\"@context\":\"https:\\\/\\\/schema.org\",\"@graph\":[{\"@type\":\"WebPage\",\"@id\":\"http:\\\/\\\/mental-safari.com\\\/?page_id=19\",\"url\":\"http:\\\/\\\/mental-safari.com\\\/?page_id=19\",\"name\":\"MENTAL SAFARI - Neuro-Mental-Coaching: Mehr pers\u00f6nlicher Erfolg durch mentale St\u00e4rke\",\"isPartOf\":{\"@id\":\"http:\\\/\\\/mental-safari.com\\\/#website\"},\"primaryImageOfPage\":{\"@id\":\"http:\\\/\\\/mental-safari.com\\\/?page_id=19#primaryimage\"},\"image\":{\"@id\":\"http:\\\/\\\/mental-safari.com\\\/?page_id=19#primaryimage\"},\"thumbnailUrl\":\"http:\\\/\\\/mental-safari.com\\\/wp-content\\\/uploads\\\/2016\\\/11\\\/DSCN1471.jpg\",\"datePublished\":\"2015-01-03T13:40:35+00:00\",\"dateModified\":\"2016-12-10T14:10:07+00:00\",\"breadcrumb\":{\"@id\":\"http:\\\/\\\/mental-safari.com\\\/?page_id=19#breadcrumb\"},\"inLanguage\":\"de\",\"potentialAction\":[{\"@type\":\"ReadAction\",\"target\":[\"http:\\\/\\\/mental-safari.com\\\/?page_id=19\"]}]},{\"@type\":\"ImageObject\",\"inLanguage\":\"de\",\"@id\":\"http:\\\/\\\/mental-safari.com\\\/?page_id=19#primaryimage\",\"url\":\"http:\\\/\\\/mental-safari.com\\\/wp-content\\\/uploads\\\/2016\\\/11\\\/DSCN1471.jpg\",\"contentUrl\":\"http:\\\/\\\/mental-safari.com\\\/wp-content\\\/uploads\\\/2016\\\/11\\\/DSCN1471.jpg\",\"width\":4608,\"height\":2592},{\"@type\":\"BreadcrumbList\",\"@id\":\"http:\\\/\\\/mental-safari.com\\\/?page_id=19#breadcrumb\",\"itemListElement\":[{\"@type\":\"ListItem\",\"position\":1,\"name\":\"Startseite\",\"item\":\"http:\\\/\\\/mental-safari.com\\\/\"},{\"@type\":\"ListItem\",\"position\":2,\"name\":\"MENTAL SAFARI\"}]},{\"@type\":\"WebSite\",\"@id\":\"http:\\\/\\\/mental-safari.com\\\/#website\",\"url\":\"http:\\\/\\\/mental-safari.com\\\/\",\"name\":\"Neuro-Mental-Coaching: Mehr pers\u00f6nlicher Erfolg durch mentale St\u00e4rke\",\"description\":\"Mehr Erfolg durch mentale St\u00e4rke\",\"potentialAction\":[{\"@type\":\"SearchAction\",\"target\":{\"@type\":\"EntryPoint\",\"urlTemplate\":\"http:\\\/\\\/mental-safari.com\\\/?s={search_term_string}\"},\"query-input\":{\"@type\":\"PropertyValueSpecification\",\"valueRequired\":true,\"valueName\":\"search_term_string\"}}],\"inLanguage\":\"de\"}]}<\/script>\n<!-- \/ Yoast SEO plugin. -->","yoast_head_json":{"title":"MENTAL SAFARI - Neuro-Mental-Coaching: Mehr pers\u00f6nlicher Erfolg durch mentale St\u00e4rke","robots":{"index":"index","follow":"follow","max-snippet":"max-snippet:-1","max-image-preview":"max-image-preview:large","max-video-preview":"max-video-preview:-1"},"canonical":"http:\/\/mental-safari.com\/?page_id=19","og_locale":"de_DE","og_type":"article","og_title":"MENTAL SAFARI - Neuro-Mental-Coaching: Mehr pers\u00f6nlicher Erfolg durch mentale St\u00e4rke","og_description":"SAFARI = REISE (For English version please see below) Safari kommt aus der Swahili-Sprache und bedeutet &#8222;Reise&#8220;. Auf eine mentale Safari gehen bedeutet, sich zu entspannen, sich abzulenken, seine Gedanken abschweifen zu lassen. Besser geht das, wenn man auch in der Realit\u00e4t auf Safari geht, weil man dann die Bilder, die Erfahrungen, die Erlebnisse besserRead more about MENTAL SAFARI[...]","og_url":"http:\/\/mental-safari.com\/?page_id=19","og_site_name":"Neuro-Mental-Coaching: Mehr pers\u00f6nlicher Erfolg durch mentale St\u00e4rke","article_modified_time":"2016-12-10T14:10:07+00:00","og_image":[{"width":1024,"height":576,"url":"http:\/\/mental-safari.com\/wp-content\/uploads\/2016\/11\/DSCN1471-1024x576.jpg","type":"image\/jpeg"}],"twitter_card":"summary_large_image","twitter_misc":{"Gesch\u00e4tzte Lesezeit":"2\u00a0Minuten"},"schema":{"@context":"https:\/\/schema.org","@graph":[{"@type":"WebPage","@id":"http:\/\/mental-safari.com\/?page_id=19","url":"http:\/\/mental-safari.com\/?page_id=19","name":"MENTAL SAFARI - Neuro-Mental-Coaching: Mehr pers\u00f6nlicher Erfolg durch mentale St\u00e4rke","isPartOf":{"@id":"http:\/\/mental-safari.com\/#website"},"primaryImageOfPage":{"@id":"http:\/\/mental-safari.com\/?page_id=19#primaryimage"},"image":{"@id":"http:\/\/mental-safari.com\/?page_id=19#primaryimage"},"thumbnailUrl":"http:\/\/mental-safari.com\/wp-content\/uploads\/2016\/11\/DSCN1471.jpg","datePublished":"2015-01-03T13:40:35+00:00","dateModified":"2016-12-10T14:10:07+00:00","breadcrumb":{"@id":"http:\/\/mental-safari.com\/?page_id=19#breadcrumb"},"inLanguage":"de","potentialAction":[{"@type":"ReadAction","target":["http:\/\/mental-safari.com\/?page_id=19"]}]},{"@type":"ImageObject","inLanguage":"de","@id":"http:\/\/mental-safari.com\/?page_id=19#primaryimage","url":"http:\/\/mental-safari.com\/wp-content\/uploads\/2016\/11\/DSCN1471.jpg","contentUrl":"http:\/\/mental-safari.com\/wp-content\/uploads\/2016\/11\/DSCN1471.jpg","width":4608,"height":2592},{"@type":"BreadcrumbList","@id":"http:\/\/mental-safari.com\/?page_id=19#breadcrumb","itemListElement":[{"@type":"ListItem","position":1,"name":"Startseite","item":"http:\/\/mental-safari.com\/"},{"@type":"ListItem","position":2,"name":"MENTAL SAFARI"}]},{"@type":"WebSite","@id":"http:\/\/mental-safari.com\/#website","url":"http:\/\/mental-safari.com\/","name":"Neuro-Mental-Coaching: Mehr pers\u00f6nlicher Erfolg durch mentale St\u00e4rke","description":"Mehr Erfolg durch mentale St\u00e4rke","potentialAction":[{"@type":"SearchAction","target":{"@type":"EntryPoint","urlTemplate":"http:\/\/mental-safari.com\/?s={search_term_string}"},"query-input":{"@type":"PropertyValueSpecification","valueRequired":true,"valueName":"search_term_string"}}],"inLanguage":"de"}]}},"_links":{"self":[{"href":"http:\/\/mental-safari.com\/index.php?rest_route=\/wp\/v2\/pages\/19","targetHints":{"allow":["GET"]}}],"collection":[{"href":"http:\/\/mental-safari.com\/index.php?rest_route=\/wp\/v2\/pages"}],"about":[{"href":"http:\/\/mental-safari.com\/index.php?rest_route=\/wp\/v2\/types\/page"}],"author":[{"embeddable":true,"href":"http:\/\/mental-safari.com\/index.php?rest_route=\/wp\/v2\/users\/1"}],"replies":[{"embeddable":true,"href":"http:\/\/mental-safari.com\/index.php?rest_route=%2Fwp%2Fv2%2Fcomments&post=19"}],"version-history":[{"count":10,"href":"http:\/\/mental-safari.com\/index.php?rest_route=\/wp\/v2\/pages\/19\/revisions"}],"predecessor-version":[{"id":235,"href":"http:\/\/mental-safari.com\/index.php?rest_route=\/wp\/v2\/pages\/19\/revisions\/235"}],"wp:featuredmedia":[{"embeddable":true,"href":"http:\/\/mental-safari.com\/index.php?rest_route=\/wp\/v2\/media\/193"}],"wp:attachment":[{"href":"http:\/\/mental-safari.com\/index.php?rest_route=%2Fwp%2Fv2%2Fmedia&parent=19"}],"curies":[{"name":"wp","href":"https:\/\/api.w.org\/{rel}","templated":true}]}}