{"id":30,"date":"2015-01-03T14:40:05","date_gmt":"2015-01-03T13:40:05","guid":{"rendered":"http:\/\/mental-safari.com\/?page_id=30"},"modified":"2016-12-11T11:25:49","modified_gmt":"2016-12-11T10:25:49","slug":"home","status":"publish","type":"page","link":"http:\/\/mental-safari.com\/?page_id=30","title":{"rendered":"NEURO-MENTAL-COACHING"},"content":{"rendered":"<p><img loading=\"lazy\" decoding=\"async\" class=\"alignnone wp-image-206\" src=\"http:\/\/mental-safari.com\/wp-content\/uploads\/2015\/01\/cropped-cropped-HP1-300x103.png\" alt=\"cropped-cropped-HP1.png\" width=\"1146\" height=\"393\" srcset=\"http:\/\/mental-safari.com\/wp-content\/uploads\/2015\/01\/cropped-cropped-HP1-300x103.png 300w, http:\/\/mental-safari.com\/wp-content\/uploads\/2015\/01\/cropped-cropped-HP1-768x263.png 768w, http:\/\/mental-safari.com\/wp-content\/uploads\/2015\/01\/cropped-cropped-HP1-720x247.png 720w, http:\/\/mental-safari.com\/wp-content\/uploads\/2015\/01\/cropped-cropped-HP1.png 1000w\" sizes=\"auto, (max-width: 1146px) 100vw, 1146px\" \/><\/p>\n<h4><span style=\"color: #ff6600;\">Neuro-Mental-Coaching f\u00fcr mehr mentale St\u00e4rke und Ausgeglichenheit<\/span><\/h4>\n<p>Hallo und guten Tag\/Hello and good day<\/p>\n<p>(For English version please see below)<\/p>\n<p>f\u00fchlen Sie sich auch immer h\u00e4ufiger gestresst, abgespannt. Fehlt Ihnen die Kraft, Zeit und die notwendige Konzentration f\u00fcr wichtige Aufgaben? Haben Sie gro\u00dfe berufliche, pers\u00f6nliche oder sportliche Ziele??<\/p>\n<p>Hier finden Sie ein neues Konzept f\u00fcr ein erfolgreiches Mentales Coaching. Der Konzeptansatz kommt dabei nicht von der Psychologischie, sondern von der Hirnforschung.\u00a0Ein neuartiger Weg: Mentaltraining auf den Grundlagen der modernen Neurowissenschaft: Neuro-Mental-Coaching.<\/p>\n<h5><span style=\"color: #ff6600;\">Sieger werden nicht geboren &#8211; Sieger werden gemacht.\u00a0<\/span><\/h5>\n<p>Ziel ist es, eine Sieger-Mentalit\u00e4t zu entwickeln.\u00a0Dazu biete ich ein individuelles Neuro-Mental-Coaching in Deutschland an. Zum Beispiel f\u00fcr Manager, Golfer oder andere Sportler.<\/p>\n<p>Das\u00a0ganz speziell von mir entwickelte Mentaltraining ist ein Mental Coaching in Verbindung mit einer realen Safari in S\u00fcdafrika. Eine Mental-Safari.<\/p>\n<p>Diese innovative Methode verbindet die Belohnungsdimensionen aus der Neurowissenschaft mit den Motivationszielen im Mental Coaching. Basis daf\u00fcr ist eine kleine Analyse des Cochees in Bezug auf seine Biostruktur und seiner lymbischen Typologie. Denn wenn man wei\u00df, auf was der Cochee reagiert und was f\u00fcr ihn relevant ist, kann man ihn auch besser coachen.<\/p>\n<p>Weitere Informationen dazu gern pers\u00f6nlich. Melden Sie sich einfach bei mir!<\/p>\n<p>Viele Gr\u00fc\u00dfe Christian Monzel<\/p>\n<p><img loading=\"lazy\" decoding=\"async\" class=\"alignnone wp-image-55\" src=\"http:\/\/mental-safari.com\/wp-content\/uploads\/2015\/01\/cropped-NMC-Homepage1-300x49.jpg\" alt=\"cropped-NMC-Homepage1.jpg\" width=\"600\" height=\"98\" srcset=\"http:\/\/mental-safari.com\/wp-content\/uploads\/2015\/01\/cropped-NMC-Homepage1-300x49.jpg 300w, http:\/\/mental-safari.com\/wp-content\/uploads\/2015\/01\/cropped-NMC-Homepage1-1024x167.jpg 1024w, http:\/\/mental-safari.com\/wp-content\/uploads\/2015\/01\/cropped-NMC-Homepage1.jpg 1070w\" sizes=\"auto, (max-width: 600px) 100vw, 600px\" \/><\/p>\n<p>&nbsp;<\/p>\n<p>Hello and good day,<\/p>\n<p>Are you also feeling more and more stressed, exhausted?<\/p>\n<p>Here you will find a new approach on how to find relaxation in the combination of a real safari with mental fitness exercises or a journey to yourself. An innovative mental coaching on the fundamentals of modern neuroscience.<\/p>\n<p>We also offer customized mental training in Germany or Turkey. For example, for managers, golfers and other athletes.<\/p>\n<p>For current issues, please contact me via the contact link.<\/p>\n<p>Best Regards Christian Monzel<\/p>\n","protected":false},"excerpt":{"rendered":"<p>Neuro-Mental-Coaching f\u00fcr mehr mentale St\u00e4rke und Ausgeglichenheit Hallo und guten Tag\/Hello and good day (For English version please see below) f\u00fchlen Sie sich auch immer h\u00e4ufiger gestresst, abgespannt. Fehlt Ihnen die Kraft, Zeit und die notwendige Konzentration f\u00fcr wichtige Aufgaben? Haben Sie gro\u00dfe berufliche, pers\u00f6nliche oder sportliche Ziele?? Hier finden Sie ein neues Konzept f\u00fcr<a class=\"moretag\" href=\"http:\/\/mental-safari.com\/?page_id=30\"><span class=\"screen-reader-text\">Read more about NEURO-MENTAL-COACHING<\/span>[&#8230;]<\/a><\/p>\n","protected":false},"author":1,"featured_media":64,"parent":0,"menu_order":0,"comment_status":"open","ping_status":"open","template":"template-fullwidth.php","meta":{"footnotes":""},"class_list":["post-30","page","type-page","status-publish","has-post-thumbnail","hentry"],"yoast_head":"<!-- This site is optimized with the Yoast SEO plugin v27.4 - https:\/\/yoast.com\/product\/yoast-seo-wordpress\/ -->\n<title>Neuro-Mental-Coaching f\u00fcr mehr mentale St\u00e4rke und Ausgeglichenheit<\/title>\n<meta name=\"description\" content=\"Neuro-Mental-Coaching: f\u00fchlen Sie sich auch immer h\u00e4ufiger gestresst, abgespannt? Fehlt Ihnen die Kraft, Zeit und die Konzentration f\u00fcr wichtige Aufgaben?\" \/>\n<meta name=\"robots\" content=\"index, follow, max-snippet:-1, max-image-preview:large, max-video-preview:-1\" \/>\n<link rel=\"canonical\" href=\"http:\/\/mental-safari.com\/?page_id=30\" \/>\n<meta property=\"og:locale\" content=\"de_DE\" \/>\n<meta property=\"og:type\" content=\"article\" \/>\n<meta property=\"og:title\" content=\"Neuro-Mental-Coaching f\u00fcr mehr mentale St\u00e4rke und Ausgeglichenheit\" \/>\n<meta property=\"og:description\" content=\"Neuro-Mental-Coaching: f\u00fchlen Sie sich auch immer h\u00e4ufiger gestresst, abgespannt? Fehlt Ihnen die Kraft, Zeit und die Konzentration f\u00fcr wichtige Aufgaben?\" \/>\n<meta property=\"og:url\" content=\"http:\/\/mental-safari.com\/?page_id=30\" \/>\n<meta property=\"og:site_name\" content=\"Neuro-Mental-Coaching: Mehr pers\u00f6nlicher Erfolg durch mentale St\u00e4rke\" \/>\n<meta property=\"article:modified_time\" content=\"2016-12-11T10:25:49+00:00\" \/>\n<meta property=\"og:image\" content=\"http:\/\/mental-safari.com\/wp-content\/uploads\/2015\/01\/HP1.png\" \/>\n\t<meta property=\"og:image:width\" content=\"972\" \/>\n\t<meta property=\"og:image:height\" content=\"334\" \/>\n\t<meta property=\"og:image:type\" content=\"image\/png\" \/>\n<meta name=\"twitter:card\" content=\"summary_large_image\" \/>\n<meta name=\"twitter:label1\" content=\"Gesch\u00e4tzte Lesezeit\" \/>\n\t<meta name=\"twitter:data1\" content=\"2\u00a0Minuten\" \/>\n<script type=\"application\/ld+json\" class=\"yoast-schema-graph\">{\"@context\":\"https:\\\/\\\/schema.org\",\"@graph\":[{\"@type\":\"WebPage\",\"@id\":\"http:\\\/\\\/mental-safari.com\\\/?page_id=30\",\"url\":\"http:\\\/\\\/mental-safari.com\\\/?page_id=30\",\"name\":\"Neuro-Mental-Coaching f\u00fcr mehr mentale St\u00e4rke und Ausgeglichenheit\",\"isPartOf\":{\"@id\":\"http:\\\/\\\/mental-safari.com\\\/#website\"},\"primaryImageOfPage\":{\"@id\":\"http:\\\/\\\/mental-safari.com\\\/?page_id=30#primaryimage\"},\"image\":{\"@id\":\"http:\\\/\\\/mental-safari.com\\\/?page_id=30#primaryimage\"},\"thumbnailUrl\":\"http:\\\/\\\/mental-safari.com\\\/wp-content\\\/uploads\\\/2015\\\/01\\\/HP1.png\",\"datePublished\":\"2015-01-03T13:40:05+00:00\",\"dateModified\":\"2016-12-11T10:25:49+00:00\",\"description\":\"Neuro-Mental-Coaching: f\u00fchlen Sie sich auch immer h\u00e4ufiger gestresst, abgespannt? Fehlt Ihnen die Kraft, Zeit und die Konzentration f\u00fcr wichtige Aufgaben?\",\"breadcrumb\":{\"@id\":\"http:\\\/\\\/mental-safari.com\\\/?page_id=30#breadcrumb\"},\"inLanguage\":\"de\",\"potentialAction\":[{\"@type\":\"ReadAction\",\"target\":[\"http:\\\/\\\/mental-safari.com\\\/?page_id=30\"]}]},{\"@type\":\"ImageObject\",\"inLanguage\":\"de\",\"@id\":\"http:\\\/\\\/mental-safari.com\\\/?page_id=30#primaryimage\",\"url\":\"http:\\\/\\\/mental-safari.com\\\/wp-content\\\/uploads\\\/2015\\\/01\\\/HP1.png\",\"contentUrl\":\"http:\\\/\\\/mental-safari.com\\\/wp-content\\\/uploads\\\/2015\\\/01\\\/HP1.png\",\"width\":972,\"height\":334},{\"@type\":\"BreadcrumbList\",\"@id\":\"http:\\\/\\\/mental-safari.com\\\/?page_id=30#breadcrumb\",\"itemListElement\":[{\"@type\":\"ListItem\",\"position\":1,\"name\":\"Startseite\",\"item\":\"http:\\\/\\\/mental-safari.com\\\/\"},{\"@type\":\"ListItem\",\"position\":2,\"name\":\"NEURO-MENTAL-COACHING\"}]},{\"@type\":\"WebSite\",\"@id\":\"http:\\\/\\\/mental-safari.com\\\/#website\",\"url\":\"http:\\\/\\\/mental-safari.com\\\/\",\"name\":\"Neuro-Mental-Coaching: Mehr pers\u00f6nlicher Erfolg durch mentale St\u00e4rke\",\"description\":\"Mehr Erfolg durch mentale St\u00e4rke\",\"potentialAction\":[{\"@type\":\"SearchAction\",\"target\":{\"@type\":\"EntryPoint\",\"urlTemplate\":\"http:\\\/\\\/mental-safari.com\\\/?s={search_term_string}\"},\"query-input\":{\"@type\":\"PropertyValueSpecification\",\"valueRequired\":true,\"valueName\":\"search_term_string\"}}],\"inLanguage\":\"de\"}]}<\/script>\n<!-- \/ Yoast SEO plugin. -->","yoast_head_json":{"title":"Neuro-Mental-Coaching f\u00fcr mehr mentale St\u00e4rke und Ausgeglichenheit","description":"Neuro-Mental-Coaching: f\u00fchlen Sie sich auch immer h\u00e4ufiger gestresst, abgespannt? Fehlt Ihnen die Kraft, Zeit und die Konzentration f\u00fcr wichtige Aufgaben?","robots":{"index":"index","follow":"follow","max-snippet":"max-snippet:-1","max-image-preview":"max-image-preview:large","max-video-preview":"max-video-preview:-1"},"canonical":"http:\/\/mental-safari.com\/?page_id=30","og_locale":"de_DE","og_type":"article","og_title":"Neuro-Mental-Coaching f\u00fcr mehr mentale St\u00e4rke und Ausgeglichenheit","og_description":"Neuro-Mental-Coaching: f\u00fchlen Sie sich auch immer h\u00e4ufiger gestresst, abgespannt? Fehlt Ihnen die Kraft, Zeit und die Konzentration f\u00fcr wichtige Aufgaben?","og_url":"http:\/\/mental-safari.com\/?page_id=30","og_site_name":"Neuro-Mental-Coaching: Mehr pers\u00f6nlicher Erfolg durch mentale St\u00e4rke","article_modified_time":"2016-12-11T10:25:49+00:00","og_image":[{"width":972,"height":334,"url":"http:\/\/mental-safari.com\/wp-content\/uploads\/2015\/01\/HP1.png","type":"image\/png"}],"twitter_card":"summary_large_image","twitter_misc":{"Gesch\u00e4tzte Lesezeit":"2\u00a0Minuten"},"schema":{"@context":"https:\/\/schema.org","@graph":[{"@type":"WebPage","@id":"http:\/\/mental-safari.com\/?page_id=30","url":"http:\/\/mental-safari.com\/?page_id=30","name":"Neuro-Mental-Coaching f\u00fcr mehr mentale St\u00e4rke und Ausgeglichenheit","isPartOf":{"@id":"http:\/\/mental-safari.com\/#website"},"primaryImageOfPage":{"@id":"http:\/\/mental-safari.com\/?page_id=30#primaryimage"},"image":{"@id":"http:\/\/mental-safari.com\/?page_id=30#primaryimage"},"thumbnailUrl":"http:\/\/mental-safari.com\/wp-content\/uploads\/2015\/01\/HP1.png","datePublished":"2015-01-03T13:40:05+00:00","dateModified":"2016-12-11T10:25:49+00:00","description":"Neuro-Mental-Coaching: f\u00fchlen Sie sich auch immer h\u00e4ufiger gestresst, abgespannt? Fehlt Ihnen die Kraft, Zeit und die Konzentration f\u00fcr wichtige Aufgaben?","breadcrumb":{"@id":"http:\/\/mental-safari.com\/?page_id=30#breadcrumb"},"inLanguage":"de","potentialAction":[{"@type":"ReadAction","target":["http:\/\/mental-safari.com\/?page_id=30"]}]},{"@type":"ImageObject","inLanguage":"de","@id":"http:\/\/mental-safari.com\/?page_id=30#primaryimage","url":"http:\/\/mental-safari.com\/wp-content\/uploads\/2015\/01\/HP1.png","contentUrl":"http:\/\/mental-safari.com\/wp-content\/uploads\/2015\/01\/HP1.png","width":972,"height":334},{"@type":"BreadcrumbList","@id":"http:\/\/mental-safari.com\/?page_id=30#breadcrumb","itemListElement":[{"@type":"ListItem","position":1,"name":"Startseite","item":"http:\/\/mental-safari.com\/"},{"@type":"ListItem","position":2,"name":"NEURO-MENTAL-COACHING"}]},{"@type":"WebSite","@id":"http:\/\/mental-safari.com\/#website","url":"http:\/\/mental-safari.com\/","name":"Neuro-Mental-Coaching: Mehr pers\u00f6nlicher Erfolg durch mentale St\u00e4rke","description":"Mehr Erfolg durch mentale St\u00e4rke","potentialAction":[{"@type":"SearchAction","target":{"@type":"EntryPoint","urlTemplate":"http:\/\/mental-safari.com\/?s={search_term_string}"},"query-input":{"@type":"PropertyValueSpecification","valueRequired":true,"valueName":"search_term_string"}}],"inLanguage":"de"}]}},"_links":{"self":[{"href":"http:\/\/mental-safari.com\/index.php?rest_route=\/wp\/v2\/pages\/30","targetHints":{"allow":["GET"]}}],"collection":[{"href":"http:\/\/mental-safari.com\/index.php?rest_route=\/wp\/v2\/pages"}],"about":[{"href":"http:\/\/mental-safari.com\/index.php?rest_route=\/wp\/v2\/types\/page"}],"author":[{"embeddable":true,"href":"http:\/\/mental-safari.com\/index.php?rest_route=\/wp\/v2\/users\/1"}],"replies":[{"embeddable":true,"href":"http:\/\/mental-safari.com\/index.php?rest_route=%2Fwp%2Fv2%2Fcomments&post=30"}],"version-history":[{"count":15,"href":"http:\/\/mental-safari.com\/index.php?rest_route=\/wp\/v2\/pages\/30\/revisions"}],"predecessor-version":[{"id":255,"href":"http:\/\/mental-safari.com\/index.php?rest_route=\/wp\/v2\/pages\/30\/revisions\/255"}],"wp:featuredmedia":[{"embeddable":true,"href":"http:\/\/mental-safari.com\/index.php?rest_route=\/wp\/v2\/media\/64"}],"wp:attachment":[{"href":"http:\/\/mental-safari.com\/index.php?rest_route=%2Fwp%2Fv2%2Fmedia&parent=30"}],"curies":[{"name":"wp","href":"https:\/\/api.w.org\/{rel}","templated":true}]}}