{"id":35,"date":"2015-01-03T14:36:17","date_gmt":"2015-01-03T13:36:17","guid":{"rendered":"http:\/\/mental-safari.com\/?page_id=35"},"modified":"2016-12-10T15:07:57","modified_gmt":"2016-12-10T14:07:57","slug":"mental-golf","status":"publish","type":"page","link":"http:\/\/mental-safari.com\/?page_id=35","title":{"rendered":"MENTAL GOLF"},"content":{"rendered":"<h1><img loading=\"lazy\" decoding=\"async\" class=\"wp-image-6 alignleft\" src=\"http:\/\/mental-safari.com\/wp-content\/uploads\/2015\/01\/Golf-Ziel-300x256.jpg\" alt=\"Golf Ziel\" width=\"805\" height=\"687\" srcset=\"http:\/\/mental-safari.com\/wp-content\/uploads\/2015\/01\/Golf-Ziel-300x256.jpg 300w, http:\/\/mental-safari.com\/wp-content\/uploads\/2015\/01\/Golf-Ziel.jpg 414w\" sizes=\"auto, (max-width: 805px) 100vw, 805px\" \/><\/h1>\n<h1>GOLF-MENTAL-TRAINING IN HAMBURG<\/h1>\n<p>Ich biete im Raum Hamburg auch mentales Einzelcoaching an. Auf dem Golfplatz, auf dem Trainingsplatz, bei Ihnen zu Hause, im B\u00fcro oder bei uns im beschaulichen Tangstedt.<\/p>\n<p>&nbsp;<\/p>\n<p><a href=\"http:\/\/mental-safari.com\/wp-content\/uploads\/2015\/01\/Golfspieler.jpg\"><img loading=\"lazy\" decoding=\"async\" class=\"alignnone wp-image-7\" src=\"http:\/\/mental-safari.com\/wp-content\/uploads\/2015\/01\/Golfspieler.jpg\" alt=\"Golfspieler\" width=\"223\" height=\"320\" \/><\/a><\/p>\n<p><strong>Konzept des Mental Coachings<\/strong><\/p>\n<p>Basis f\u00fcr das Konzept sind neuste wissenschaftliche Erkenntnisse aus der Neuro-Wissenschaft und der Verhaltens\u00f6konomie.<\/p>\n<p>&nbsp;<\/p>\n<p><strong>Die Macht des Unterbewusstseins<\/strong><\/p>\n<p>Das Unterbewusstsein steuert uns. Selbst viele kognitive Prozesse laufen unterbewusst ab. Die neusten wissenschaftlichen Erkenntnisse beweisen, dass 95% unserer Entscheidungen unterbewusst getroffen werden. Im Mental-Coaching gilt es also, das Unterbewusstsein zu trainieren, um so eine optimale Leistungsebene zu erreichen: die POWER-ZONE.<\/p>\n<p><strong>Inhalte des Mentaltrainings:<\/strong><br \/>\n1. Zieldefinition: Haupziel und Prozessziele beschreiben und visualisieren<br \/>\n2. Stress-Management<br \/>\n3. Konzentration: Wie fokussiert man sich richtig (Aktivationsregulierung)?<br \/>\n4. Entspannung: Verschiedene \u00dcbungen zur Entspannung und Meditation<\/p>\n<p>5.. Motivation: Ideale Leistungsf\u00e4higkeit in der &#8222;Power Zone&#8220;<\/p>\n<ol start=\"6\">\n<li>Spezielle Mental-\u00dcbungen f\u00fcr die Driving Range, den Platz oder das Turnier.<\/li>\n<\/ol>\n<p>&nbsp;<\/p>\n<p>&nbsp;<\/p>\n","protected":false},"excerpt":{"rendered":"<p>GOLF-MENTAL-TRAINING IN HAMBURG Ich biete im Raum Hamburg auch mentales Einzelcoaching an. Auf dem Golfplatz, auf dem Trainingsplatz, bei Ihnen zu Hause, im B\u00fcro oder bei uns im beschaulichen Tangstedt. &nbsp; Konzept des Mental Coachings Basis f\u00fcr das Konzept sind neuste wissenschaftliche Erkenntnisse aus der Neuro-Wissenschaft und der Verhaltens\u00f6konomie. &nbsp; Die Macht des Unterbewusstseins Das<a class=\"moretag\" href=\"http:\/\/mental-safari.com\/?page_id=35\"><span class=\"screen-reader-text\">Read more about MENTAL GOLF<\/span>[&#8230;]<\/a><\/p>\n","protected":false},"author":1,"featured_media":66,"parent":0,"menu_order":0,"comment_status":"open","ping_status":"open","template":"","meta":{"footnotes":""},"class_list":["post-35","page","type-page","status-publish","has-post-thumbnail","hentry"],"yoast_head":"<!-- This site is optimized with the Yoast SEO plugin v27.4 - https:\/\/yoast.com\/product\/yoast-seo-wordpress\/ -->\n<title>MENTAL GOLF - Neuro-Mental-Coaching: Mehr pers\u00f6nlicher Erfolg durch mentale St\u00e4rke<\/title>\n<meta name=\"robots\" content=\"index, follow, max-snippet:-1, max-image-preview:large, max-video-preview:-1\" \/>\n<link rel=\"canonical\" href=\"http:\/\/mental-safari.com\/?page_id=35\" \/>\n<meta property=\"og:locale\" content=\"de_DE\" \/>\n<meta property=\"og:type\" content=\"article\" \/>\n<meta property=\"og:title\" content=\"MENTAL GOLF - Neuro-Mental-Coaching: Mehr pers\u00f6nlicher Erfolg durch mentale St\u00e4rke\" \/>\n<meta property=\"og:description\" content=\"GOLF-MENTAL-TRAINING IN HAMBURG Ich biete im Raum Hamburg auch mentales Einzelcoaching an. Auf dem Golfplatz, auf dem Trainingsplatz, bei Ihnen zu Hause, im B\u00fcro oder bei uns im beschaulichen Tangstedt. &nbsp; Konzept des Mental Coachings Basis f\u00fcr das Konzept sind neuste wissenschaftliche Erkenntnisse aus der Neuro-Wissenschaft und der Verhaltens\u00f6konomie. &nbsp; Die Macht des Unterbewusstseins DasRead more about MENTAL GOLF[...]\" \/>\n<meta property=\"og:url\" content=\"http:\/\/mental-safari.com\/?page_id=35\" \/>\n<meta property=\"og:site_name\" content=\"Neuro-Mental-Coaching: Mehr pers\u00f6nlicher Erfolg durch mentale St\u00e4rke\" \/>\n<meta property=\"article:modified_time\" content=\"2016-12-10T14:07:57+00:00\" \/>\n<meta property=\"og:image\" content=\"http:\/\/mental-safari.com\/wp-content\/uploads\/2015\/01\/HP7.png\" \/>\n\t<meta property=\"og:image:width\" content=\"975\" \/>\n\t<meta property=\"og:image:height\" content=\"337\" \/>\n\t<meta property=\"og:image:type\" content=\"image\/png\" \/>\n<meta name=\"twitter:card\" content=\"summary_large_image\" \/>\n<meta name=\"twitter:label1\" content=\"Gesch\u00e4tzte Lesezeit\" \/>\n\t<meta name=\"twitter:data1\" content=\"1\u00a0Minute\" \/>\n<script type=\"application\/ld+json\" class=\"yoast-schema-graph\">{\"@context\":\"https:\\\/\\\/schema.org\",\"@graph\":[{\"@type\":\"WebPage\",\"@id\":\"http:\\\/\\\/mental-safari.com\\\/?page_id=35\",\"url\":\"http:\\\/\\\/mental-safari.com\\\/?page_id=35\",\"name\":\"MENTAL GOLF - Neuro-Mental-Coaching: Mehr pers\u00f6nlicher Erfolg durch mentale St\u00e4rke\",\"isPartOf\":{\"@id\":\"http:\\\/\\\/mental-safari.com\\\/#website\"},\"primaryImageOfPage\":{\"@id\":\"http:\\\/\\\/mental-safari.com\\\/?page_id=35#primaryimage\"},\"image\":{\"@id\":\"http:\\\/\\\/mental-safari.com\\\/?page_id=35#primaryimage\"},\"thumbnailUrl\":\"http:\\\/\\\/mental-safari.com\\\/wp-content\\\/uploads\\\/2015\\\/01\\\/HP7.png\",\"datePublished\":\"2015-01-03T13:36:17+00:00\",\"dateModified\":\"2016-12-10T14:07:57+00:00\",\"breadcrumb\":{\"@id\":\"http:\\\/\\\/mental-safari.com\\\/?page_id=35#breadcrumb\"},\"inLanguage\":\"de\",\"potentialAction\":[{\"@type\":\"ReadAction\",\"target\":[\"http:\\\/\\\/mental-safari.com\\\/?page_id=35\"]}]},{\"@type\":\"ImageObject\",\"inLanguage\":\"de\",\"@id\":\"http:\\\/\\\/mental-safari.com\\\/?page_id=35#primaryimage\",\"url\":\"http:\\\/\\\/mental-safari.com\\\/wp-content\\\/uploads\\\/2015\\\/01\\\/HP7.png\",\"contentUrl\":\"http:\\\/\\\/mental-safari.com\\\/wp-content\\\/uploads\\\/2015\\\/01\\\/HP7.png\",\"width\":975,\"height\":337},{\"@type\":\"BreadcrumbList\",\"@id\":\"http:\\\/\\\/mental-safari.com\\\/?page_id=35#breadcrumb\",\"itemListElement\":[{\"@type\":\"ListItem\",\"position\":1,\"name\":\"Startseite\",\"item\":\"http:\\\/\\\/mental-safari.com\\\/\"},{\"@type\":\"ListItem\",\"position\":2,\"name\":\"MENTAL GOLF\"}]},{\"@type\":\"WebSite\",\"@id\":\"http:\\\/\\\/mental-safari.com\\\/#website\",\"url\":\"http:\\\/\\\/mental-safari.com\\\/\",\"name\":\"Neuro-Mental-Coaching: Mehr pers\u00f6nlicher Erfolg durch mentale St\u00e4rke\",\"description\":\"Mehr Erfolg durch mentale St\u00e4rke\",\"potentialAction\":[{\"@type\":\"SearchAction\",\"target\":{\"@type\":\"EntryPoint\",\"urlTemplate\":\"http:\\\/\\\/mental-safari.com\\\/?s={search_term_string}\"},\"query-input\":{\"@type\":\"PropertyValueSpecification\",\"valueRequired\":true,\"valueName\":\"search_term_string\"}}],\"inLanguage\":\"de\"}]}<\/script>\n<!-- \/ Yoast SEO plugin. -->","yoast_head_json":{"title":"MENTAL GOLF - Neuro-Mental-Coaching: Mehr pers\u00f6nlicher Erfolg durch mentale St\u00e4rke","robots":{"index":"index","follow":"follow","max-snippet":"max-snippet:-1","max-image-preview":"max-image-preview:large","max-video-preview":"max-video-preview:-1"},"canonical":"http:\/\/mental-safari.com\/?page_id=35","og_locale":"de_DE","og_type":"article","og_title":"MENTAL GOLF - Neuro-Mental-Coaching: Mehr pers\u00f6nlicher Erfolg durch mentale St\u00e4rke","og_description":"GOLF-MENTAL-TRAINING IN HAMBURG Ich biete im Raum Hamburg auch mentales Einzelcoaching an. Auf dem Golfplatz, auf dem Trainingsplatz, bei Ihnen zu Hause, im B\u00fcro oder bei uns im beschaulichen Tangstedt. &nbsp; Konzept des Mental Coachings Basis f\u00fcr das Konzept sind neuste wissenschaftliche Erkenntnisse aus der Neuro-Wissenschaft und der Verhaltens\u00f6konomie. &nbsp; Die Macht des Unterbewusstseins DasRead more about MENTAL GOLF[...]","og_url":"http:\/\/mental-safari.com\/?page_id=35","og_site_name":"Neuro-Mental-Coaching: Mehr pers\u00f6nlicher Erfolg durch mentale St\u00e4rke","article_modified_time":"2016-12-10T14:07:57+00:00","og_image":[{"width":975,"height":337,"url":"http:\/\/mental-safari.com\/wp-content\/uploads\/2015\/01\/HP7.png","type":"image\/png"}],"twitter_card":"summary_large_image","twitter_misc":{"Gesch\u00e4tzte Lesezeit":"1\u00a0Minute"},"schema":{"@context":"https:\/\/schema.org","@graph":[{"@type":"WebPage","@id":"http:\/\/mental-safari.com\/?page_id=35","url":"http:\/\/mental-safari.com\/?page_id=35","name":"MENTAL GOLF - Neuro-Mental-Coaching: Mehr pers\u00f6nlicher Erfolg durch mentale St\u00e4rke","isPartOf":{"@id":"http:\/\/mental-safari.com\/#website"},"primaryImageOfPage":{"@id":"http:\/\/mental-safari.com\/?page_id=35#primaryimage"},"image":{"@id":"http:\/\/mental-safari.com\/?page_id=35#primaryimage"},"thumbnailUrl":"http:\/\/mental-safari.com\/wp-content\/uploads\/2015\/01\/HP7.png","datePublished":"2015-01-03T13:36:17+00:00","dateModified":"2016-12-10T14:07:57+00:00","breadcrumb":{"@id":"http:\/\/mental-safari.com\/?page_id=35#breadcrumb"},"inLanguage":"de","potentialAction":[{"@type":"ReadAction","target":["http:\/\/mental-safari.com\/?page_id=35"]}]},{"@type":"ImageObject","inLanguage":"de","@id":"http:\/\/mental-safari.com\/?page_id=35#primaryimage","url":"http:\/\/mental-safari.com\/wp-content\/uploads\/2015\/01\/HP7.png","contentUrl":"http:\/\/mental-safari.com\/wp-content\/uploads\/2015\/01\/HP7.png","width":975,"height":337},{"@type":"BreadcrumbList","@id":"http:\/\/mental-safari.com\/?page_id=35#breadcrumb","itemListElement":[{"@type":"ListItem","position":1,"name":"Startseite","item":"http:\/\/mental-safari.com\/"},{"@type":"ListItem","position":2,"name":"MENTAL GOLF"}]},{"@type":"WebSite","@id":"http:\/\/mental-safari.com\/#website","url":"http:\/\/mental-safari.com\/","name":"Neuro-Mental-Coaching: Mehr pers\u00f6nlicher Erfolg durch mentale St\u00e4rke","description":"Mehr Erfolg durch mentale St\u00e4rke","potentialAction":[{"@type":"SearchAction","target":{"@type":"EntryPoint","urlTemplate":"http:\/\/mental-safari.com\/?s={search_term_string}"},"query-input":{"@type":"PropertyValueSpecification","valueRequired":true,"valueName":"search_term_string"}}],"inLanguage":"de"}]}},"_links":{"self":[{"href":"http:\/\/mental-safari.com\/index.php?rest_route=\/wp\/v2\/pages\/35","targetHints":{"allow":["GET"]}}],"collection":[{"href":"http:\/\/mental-safari.com\/index.php?rest_route=\/wp\/v2\/pages"}],"about":[{"href":"http:\/\/mental-safari.com\/index.php?rest_route=\/wp\/v2\/types\/page"}],"author":[{"embeddable":true,"href":"http:\/\/mental-safari.com\/index.php?rest_route=\/wp\/v2\/users\/1"}],"replies":[{"embeddable":true,"href":"http:\/\/mental-safari.com\/index.php?rest_route=%2Fwp%2Fv2%2Fcomments&post=35"}],"version-history":[{"count":5,"href":"http:\/\/mental-safari.com\/index.php?rest_route=\/wp\/v2\/pages\/35\/revisions"}],"predecessor-version":[{"id":233,"href":"http:\/\/mental-safari.com\/index.php?rest_route=\/wp\/v2\/pages\/35\/revisions\/233"}],"wp:featuredmedia":[{"embeddable":true,"href":"http:\/\/mental-safari.com\/index.php?rest_route=\/wp\/v2\/media\/66"}],"wp:attachment":[{"href":"http:\/\/mental-safari.com\/index.php?rest_route=%2Fwp%2Fv2%2Fmedia&parent=35"}],"curies":[{"name":"wp","href":"https:\/\/api.w.org\/{rel}","templated":true}]}}