{"id":37,"date":"2015-01-03T14:37:07","date_gmt":"2015-01-03T13:37:07","guid":{"rendered":"http:\/\/mental-safari.com\/?page_id=37"},"modified":"2015-12-25T09:57:13","modified_gmt":"2015-12-25T08:57:13","slug":"zu-mir","status":"publish","type":"page","link":"http:\/\/mental-safari.com\/?page_id=37","title":{"rendered":"ZU MIR"},"content":{"rendered":"<p>Ich habe BWL studiert und dann in mehreren namhaften internationalen Unternehmen (u.a. Nixdorf, Mannesmann) und dann \u00fcber 20 Jahre als Gesch\u00e4ftsf\u00fchrer bei verschiedenen Werbeagenturen (u.a. Jung von Matt, Michael Schirner) gearbeitet.<\/p>\n<p>Seit 2008 arbeite ich als selbstst\u00e4ndiger Unternehmens- und Markenberater, Trendforscher und Zukunftstratege in Hamburg.<\/p>\n<p>In meiner beruflichen Laufbahn habe ich f\u00fcr viele Marken wie z.B. BMW, Microsoft, Deutsche Bank, TUI, REWE, PENNY, Rossmann etc. gearbeitet.<\/p>\n<p>Parallel zu meiner beruflichen Entwicklung habe ich zun\u00e4chst sieben Jahre als Bundesligaspieler Hockey gespielt und dabei auch einmal den Deutschen Meistertitel gewonnen. Nach einem beruflichen Break habe ich fast 10 Jahre als Trainer gearbeitet. Davon sieben Jahre als Co-Trainer und Mentaltrainer f\u00fcr die 1. Herrenmannschaft des Bundesligavereins Club an der Alster Hamburg. W\u00e4hrend meiner Trainert\u00e4tigkeit hatte ich das Gl\u00fcck, die deutschen Meisterschaft noch vier Mal mit den Teams, die ich betreut habe, zu gewinnen.<\/p>\n<p>Heute arbeite ich mit einzelnen Sportlern, die z.B. in der Hockey-Bundesliga spielen.<\/p>\n<p>Ich wei\u00df, was Erfolg ist und ich habe auch gelernt, was Stress ist.<br \/>\nSeit f\u00fcnf Jahren besch\u00e4ftige ich mich intensiv mit dem Thema &#8222;Mentaltraining&#8220;. Ich habe in der Praxis gelernt, wie wichtig das f\u00fcr den sportlichen (und auch beruflichen) Erfolg sein kann.<\/p>\n<p>Deshalb habe ich viele B\u00fccher \u00fcber dieses Thema gelesen und unterschiedlichste Fortbildungen besucht.<\/p>\n<p>&nbsp;<\/p>\n<p><a href=\"http:\/\/mental-safari.com\/wp-content\/uploads\/2015\/01\/Profilbild.jpg\"><img loading=\"lazy\" decoding=\"async\" class=\"alignnone size-medium wp-image-104\" src=\"http:\/\/mental-safari.com\/wp-content\/uploads\/2015\/01\/Profilbild-300x300.jpg\" alt=\"Profilbild\" width=\"300\" height=\"300\" srcset=\"http:\/\/mental-safari.com\/wp-content\/uploads\/2015\/01\/Profilbild-300x300.jpg 300w, http:\/\/mental-safari.com\/wp-content\/uploads\/2015\/01\/Profilbild.jpg 336w\" sizes=\"auto, (max-width: 300px) 100vw, 300px\" \/><\/a><\/p>\n<p>(English version)<\/p>\n<p>I&#8217;m just over 50 years. I studied economics and worked for 20 years as managing director at various advertising agencies in several well-known international companies (including Nixdorf, Mannesmann) and different adervtising agencies.<\/p>\n<p>Since 2008 I work as an independent company- and brand consultant, trend researcher and future consultant in Hamburg.<\/p>\n<p>Parallel to my professional development, I had played seven years as a hockey premierr league player and had won the German championship once. After a career break, I worked nearly 10 years as coach. Including seven years as an assistant coach and mental trainer for the first nen&#8217;s team of the Bundesliga club &#8222;Club an der Alster Hamburg&#8220;. During my work as a trainer, I was lucky to win the German championship four times with the teams that I&#8217;ve cared for.<\/p>\n<p>I know what success is, and I also learned what stress is.<\/p>\n<p>For five years I am working intensively with the topic &#8222;Mental Training&#8220;. I have learned in practice, how important this can be for sucess in sport (and busines)<\/p>\n<p>Therefore, I have read many books on that subject and attended various training courses.<\/p>\n","protected":false},"excerpt":{"rendered":"<p>Ich habe BWL studiert und dann in mehreren namhaften internationalen Unternehmen (u.a. Nixdorf, Mannesmann) und dann \u00fcber 20 Jahre als Gesch\u00e4ftsf\u00fchrer bei verschiedenen Werbeagenturen (u.a. Jung von Matt, Michael Schirner) gearbeitet. Seit 2008 arbeite ich als selbstst\u00e4ndiger Unternehmens- und Markenberater, Trendforscher und Zukunftstratege in Hamburg. In meiner beruflichen Laufbahn habe ich f\u00fcr viele Marken wie<a class=\"moretag\" href=\"http:\/\/mental-safari.com\/?page_id=37\"><span class=\"screen-reader-text\">Read more about ZU MIR<\/span>[&#8230;]<\/a><\/p>\n","protected":false},"author":1,"featured_media":60,"parent":0,"menu_order":0,"comment_status":"open","ping_status":"open","template":"","meta":{"footnotes":""},"class_list":["post-37","page","type-page","status-publish","has-post-thumbnail","hentry"],"yoast_head":"<!-- This site is optimized with the Yoast SEO plugin v27.5 - https:\/\/yoast.com\/product\/yoast-seo-wordpress\/ -->\n<title>ZU MIR - Neuro-Mental-Coaching: Mehr pers\u00f6nlicher Erfolg durch mentale St\u00e4rke<\/title>\n<meta name=\"robots\" content=\"index, follow, max-snippet:-1, max-image-preview:large, max-video-preview:-1\" \/>\n<link rel=\"canonical\" href=\"http:\/\/mental-safari.com\/?page_id=37\" \/>\n<meta property=\"og:locale\" content=\"de_DE\" \/>\n<meta property=\"og:type\" content=\"article\" \/>\n<meta property=\"og:title\" content=\"ZU MIR - Neuro-Mental-Coaching: Mehr pers\u00f6nlicher Erfolg durch mentale St\u00e4rke\" \/>\n<meta property=\"og:description\" content=\"Ich habe BWL studiert und dann in mehreren namhaften internationalen Unternehmen (u.a. Nixdorf, Mannesmann) und dann \u00fcber 20 Jahre als Gesch\u00e4ftsf\u00fchrer bei verschiedenen Werbeagenturen (u.a. Jung von Matt, Michael Schirner) gearbeitet. Seit 2008 arbeite ich als selbstst\u00e4ndiger Unternehmens- und Markenberater, Trendforscher und Zukunftstratege in Hamburg. In meiner beruflichen Laufbahn habe ich f\u00fcr viele Marken wieRead more about ZU MIR[...]\" \/>\n<meta property=\"og:url\" content=\"http:\/\/mental-safari.com\/?page_id=37\" \/>\n<meta property=\"og:site_name\" content=\"Neuro-Mental-Coaching: Mehr pers\u00f6nlicher Erfolg durch mentale St\u00e4rke\" \/>\n<meta property=\"article:modified_time\" content=\"2015-12-25T08:57:13+00:00\" \/>\n<meta property=\"og:image\" content=\"http:\/\/mental-safari.com\/wp-content\/uploads\/2015\/01\/HP5.png\" \/>\n\t<meta property=\"og:image:width\" content=\"970\" \/>\n\t<meta property=\"og:image:height\" content=\"337\" \/>\n\t<meta property=\"og:image:type\" content=\"image\/png\" \/>\n<meta name=\"twitter:card\" content=\"summary_large_image\" \/>\n<meta name=\"twitter:label1\" content=\"Gesch\u00e4tzte Lesezeit\" \/>\n\t<meta name=\"twitter:data1\" content=\"2\u00a0Minuten\" \/>\n<script type=\"application\/ld+json\" class=\"yoast-schema-graph\">{\"@context\":\"https:\\\/\\\/schema.org\",\"@graph\":[{\"@type\":\"WebPage\",\"@id\":\"http:\\\/\\\/mental-safari.com\\\/?page_id=37\",\"url\":\"http:\\\/\\\/mental-safari.com\\\/?page_id=37\",\"name\":\"ZU MIR - Neuro-Mental-Coaching: Mehr pers\u00f6nlicher Erfolg durch mentale St\u00e4rke\",\"isPartOf\":{\"@id\":\"http:\\\/\\\/mental-safari.com\\\/#website\"},\"primaryImageOfPage\":{\"@id\":\"http:\\\/\\\/mental-safari.com\\\/?page_id=37#primaryimage\"},\"image\":{\"@id\":\"http:\\\/\\\/mental-safari.com\\\/?page_id=37#primaryimage\"},\"thumbnailUrl\":\"http:\\\/\\\/mental-safari.com\\\/wp-content\\\/uploads\\\/2015\\\/01\\\/HP5.png\",\"datePublished\":\"2015-01-03T13:37:07+00:00\",\"dateModified\":\"2015-12-25T08:57:13+00:00\",\"breadcrumb\":{\"@id\":\"http:\\\/\\\/mental-safari.com\\\/?page_id=37#breadcrumb\"},\"inLanguage\":\"de\",\"potentialAction\":[{\"@type\":\"ReadAction\",\"target\":[\"http:\\\/\\\/mental-safari.com\\\/?page_id=37\"]}]},{\"@type\":\"ImageObject\",\"inLanguage\":\"de\",\"@id\":\"http:\\\/\\\/mental-safari.com\\\/?page_id=37#primaryimage\",\"url\":\"http:\\\/\\\/mental-safari.com\\\/wp-content\\\/uploads\\\/2015\\\/01\\\/HP5.png\",\"contentUrl\":\"http:\\\/\\\/mental-safari.com\\\/wp-content\\\/uploads\\\/2015\\\/01\\\/HP5.png\",\"width\":970,\"height\":337},{\"@type\":\"BreadcrumbList\",\"@id\":\"http:\\\/\\\/mental-safari.com\\\/?page_id=37#breadcrumb\",\"itemListElement\":[{\"@type\":\"ListItem\",\"position\":1,\"name\":\"Startseite\",\"item\":\"http:\\\/\\\/mental-safari.com\\\/\"},{\"@type\":\"ListItem\",\"position\":2,\"name\":\"ZU MIR\"}]},{\"@type\":\"WebSite\",\"@id\":\"http:\\\/\\\/mental-safari.com\\\/#website\",\"url\":\"http:\\\/\\\/mental-safari.com\\\/\",\"name\":\"Neuro-Mental-Coaching: Mehr pers\u00f6nlicher Erfolg durch mentale St\u00e4rke\",\"description\":\"Mehr Erfolg durch mentale St\u00e4rke\",\"potentialAction\":[{\"@type\":\"SearchAction\",\"target\":{\"@type\":\"EntryPoint\",\"urlTemplate\":\"http:\\\/\\\/mental-safari.com\\\/?s={search_term_string}\"},\"query-input\":{\"@type\":\"PropertyValueSpecification\",\"valueRequired\":true,\"valueName\":\"search_term_string\"}}],\"inLanguage\":\"de\"}]}<\/script>\n<!-- \/ Yoast SEO plugin. -->","yoast_head_json":{"title":"ZU MIR - Neuro-Mental-Coaching: Mehr pers\u00f6nlicher Erfolg durch mentale St\u00e4rke","robots":{"index":"index","follow":"follow","max-snippet":"max-snippet:-1","max-image-preview":"max-image-preview:large","max-video-preview":"max-video-preview:-1"},"canonical":"http:\/\/mental-safari.com\/?page_id=37","og_locale":"de_DE","og_type":"article","og_title":"ZU MIR - Neuro-Mental-Coaching: Mehr pers\u00f6nlicher Erfolg durch mentale St\u00e4rke","og_description":"Ich habe BWL studiert und dann in mehreren namhaften internationalen Unternehmen (u.a. Nixdorf, Mannesmann) und dann \u00fcber 20 Jahre als Gesch\u00e4ftsf\u00fchrer bei verschiedenen Werbeagenturen (u.a. Jung von Matt, Michael Schirner) gearbeitet. Seit 2008 arbeite ich als selbstst\u00e4ndiger Unternehmens- und Markenberater, Trendforscher und Zukunftstratege in Hamburg. In meiner beruflichen Laufbahn habe ich f\u00fcr viele Marken wieRead more about ZU MIR[...]","og_url":"http:\/\/mental-safari.com\/?page_id=37","og_site_name":"Neuro-Mental-Coaching: Mehr pers\u00f6nlicher Erfolg durch mentale St\u00e4rke","article_modified_time":"2015-12-25T08:57:13+00:00","og_image":[{"width":970,"height":337,"url":"http:\/\/mental-safari.com\/wp-content\/uploads\/2015\/01\/HP5.png","type":"image\/png"}],"twitter_card":"summary_large_image","twitter_misc":{"Gesch\u00e4tzte Lesezeit":"2\u00a0Minuten"},"schema":{"@context":"https:\/\/schema.org","@graph":[{"@type":"WebPage","@id":"http:\/\/mental-safari.com\/?page_id=37","url":"http:\/\/mental-safari.com\/?page_id=37","name":"ZU MIR - Neuro-Mental-Coaching: Mehr pers\u00f6nlicher Erfolg durch mentale St\u00e4rke","isPartOf":{"@id":"http:\/\/mental-safari.com\/#website"},"primaryImageOfPage":{"@id":"http:\/\/mental-safari.com\/?page_id=37#primaryimage"},"image":{"@id":"http:\/\/mental-safari.com\/?page_id=37#primaryimage"},"thumbnailUrl":"http:\/\/mental-safari.com\/wp-content\/uploads\/2015\/01\/HP5.png","datePublished":"2015-01-03T13:37:07+00:00","dateModified":"2015-12-25T08:57:13+00:00","breadcrumb":{"@id":"http:\/\/mental-safari.com\/?page_id=37#breadcrumb"},"inLanguage":"de","potentialAction":[{"@type":"ReadAction","target":["http:\/\/mental-safari.com\/?page_id=37"]}]},{"@type":"ImageObject","inLanguage":"de","@id":"http:\/\/mental-safari.com\/?page_id=37#primaryimage","url":"http:\/\/mental-safari.com\/wp-content\/uploads\/2015\/01\/HP5.png","contentUrl":"http:\/\/mental-safari.com\/wp-content\/uploads\/2015\/01\/HP5.png","width":970,"height":337},{"@type":"BreadcrumbList","@id":"http:\/\/mental-safari.com\/?page_id=37#breadcrumb","itemListElement":[{"@type":"ListItem","position":1,"name":"Startseite","item":"http:\/\/mental-safari.com\/"},{"@type":"ListItem","position":2,"name":"ZU MIR"}]},{"@type":"WebSite","@id":"http:\/\/mental-safari.com\/#website","url":"http:\/\/mental-safari.com\/","name":"Neuro-Mental-Coaching: Mehr pers\u00f6nlicher Erfolg durch mentale St\u00e4rke","description":"Mehr Erfolg durch mentale St\u00e4rke","potentialAction":[{"@type":"SearchAction","target":{"@type":"EntryPoint","urlTemplate":"http:\/\/mental-safari.com\/?s={search_term_string}"},"query-input":{"@type":"PropertyValueSpecification","valueRequired":true,"valueName":"search_term_string"}}],"inLanguage":"de"}]}},"_links":{"self":[{"href":"http:\/\/mental-safari.com\/index.php?rest_route=\/wp\/v2\/pages\/37","targetHints":{"allow":["GET"]}}],"collection":[{"href":"http:\/\/mental-safari.com\/index.php?rest_route=\/wp\/v2\/pages"}],"about":[{"href":"http:\/\/mental-safari.com\/index.php?rest_route=\/wp\/v2\/types\/page"}],"author":[{"embeddable":true,"href":"http:\/\/mental-safari.com\/index.php?rest_route=\/wp\/v2\/users\/1"}],"replies":[{"embeddable":true,"href":"http:\/\/mental-safari.com\/index.php?rest_route=%2Fwp%2Fv2%2Fcomments&post=37"}],"version-history":[{"count":4,"href":"http:\/\/mental-safari.com\/index.php?rest_route=\/wp\/v2\/pages\/37\/revisions"}],"predecessor-version":[{"id":139,"href":"http:\/\/mental-safari.com\/index.php?rest_route=\/wp\/v2\/pages\/37\/revisions\/139"}],"wp:featuredmedia":[{"embeddable":true,"href":"http:\/\/mental-safari.com\/index.php?rest_route=\/wp\/v2\/media\/60"}],"wp:attachment":[{"href":"http:\/\/mental-safari.com\/index.php?rest_route=%2Fwp%2Fv2%2Fmedia&parent=37"}],"curies":[{"name":"wp","href":"https:\/\/api.w.org\/{rel}","templated":true}]}}