{"id":42,"date":"2015-01-03T14:38:56","date_gmt":"2015-01-03T13:38:56","guid":{"rendered":"http:\/\/mental-safari.com\/?page_id=42"},"modified":"2022-10-12T15:46:45","modified_gmt":"2022-10-12T14:46:45","slug":"kontakt","status":"publish","type":"page","link":"http:\/\/mental-safari.com\/?page_id=42","title":{"rendered":"KONTAKT"},"content":{"rendered":"<h1><img loading=\"lazy\" decoding=\"async\" class=\"wp-image-194 alignleft\" src=\"http:\/\/mental-safari.com\/wp-content\/uploads\/2016\/11\/IMG_0795-300x169.jpg\" alt=\"img_0795\" width=\"531\" height=\"299\" srcset=\"http:\/\/mental-safari.com\/wp-content\/uploads\/2016\/11\/IMG_0795-300x169.jpg 300w, http:\/\/mental-safari.com\/wp-content\/uploads\/2016\/11\/IMG_0795-768x432.jpg 768w, http:\/\/mental-safari.com\/wp-content\/uploads\/2016\/11\/IMG_0795-1024x576.jpg 1024w\" sizes=\"auto, (max-width: 531px) 100vw, 531px\" \/><\/h1>\n<h1><strong>Vielen Dank f\u00fcr Ihren Besuch und Ihr Interesse.<\/strong><\/h1>\n<p>Wenn Sie Fragen zu unseren Angeboten haben, k\u00f6nnen Sie gern per E-Mail\u00a0 Kontakt zu mir aufnehmen.<\/p>\n<p><a href=\"mailto:cm@mental-safari.com\">cm@mental-safari.com<\/a><\/p>\n<p>brandandbrain<br \/>\nChristian Monzel<br \/>\nGro\u00dfe Twiete 46<br \/>\n25499 Tangstedt<\/p>\n<p>Ich biete auch Webinare an. Schauen Sie doch mal bei meiner Online-Akademie vorbei:<\/p>\n<p><a href=\"https:\/\/www.edudip.com\/academy\/Christian.Monzel2\">https:\/\/www.edudip.com\/academy\/Christian.Monzel2<\/a><\/p>\n<p>Gerne organisieren wir auch Reisen nach Afrika. In diesem Jahr hat uns die Reise (16<\/p>\n<p>Tage) pro Person inkl. Flug und Mietwagen nicht mehr als 1.500 \u20ac gekostet! Africa muss nicht teuer sein!<\/p>\n<p>Einfach melden bei Interesse!<\/p>\n","protected":false},"excerpt":{"rendered":"<p>Vielen Dank f\u00fcr Ihren Besuch und Ihr Interesse. Wenn Sie Fragen zu unseren Angeboten haben, k\u00f6nnen Sie gern per E-Mail\u00a0 Kontakt zu mir aufnehmen. cm@mental-safari.com brandandbrain Christian Monzel Gro\u00dfe Twiete 46 25499 Tangstedt Ich biete auch Webinare an. Schauen Sie doch mal bei meiner Online-Akademie vorbei: https:\/\/www.edudip.com\/academy\/Christian.Monzel2 Gerne organisieren wir auch Reisen nach Afrika. In<a class=\"moretag\" href=\"http:\/\/mental-safari.com\/?page_id=42\"><span class=\"screen-reader-text\">Read more about KONTAKT<\/span>[&#8230;]<\/a><\/p>\n","protected":false},"author":1,"featured_media":100,"parent":0,"menu_order":0,"comment_status":"open","ping_status":"open","template":"","meta":{"footnotes":""},"class_list":["post-42","page","type-page","status-publish","has-post-thumbnail","hentry"],"yoast_head":"<!-- This site is optimized with the Yoast SEO plugin v27.4 - https:\/\/yoast.com\/product\/yoast-seo-wordpress\/ -->\n<title>KONTAKT - Neuro-Mental-Coaching: Mehr pers\u00f6nlicher Erfolg durch mentale St\u00e4rke<\/title>\n<meta name=\"robots\" content=\"index, follow, max-snippet:-1, max-image-preview:large, max-video-preview:-1\" \/>\n<link rel=\"canonical\" href=\"http:\/\/mental-safari.com\/?page_id=42\" \/>\n<meta property=\"og:locale\" content=\"de_DE\" \/>\n<meta property=\"og:type\" content=\"article\" \/>\n<meta property=\"og:title\" content=\"KONTAKT - Neuro-Mental-Coaching: Mehr pers\u00f6nlicher Erfolg durch mentale St\u00e4rke\" \/>\n<meta property=\"og:description\" content=\"Vielen Dank f\u00fcr Ihren Besuch und Ihr Interesse. Wenn Sie Fragen zu unseren Angeboten haben, k\u00f6nnen Sie gern per E-Mail\u00a0 Kontakt zu mir aufnehmen. cm@mental-safari.com brandandbrain Christian Monzel Gro\u00dfe Twiete 46 25499 Tangstedt Ich biete auch Webinare an. Schauen Sie doch mal bei meiner Online-Akademie vorbei: https:\/\/www.edudip.com\/academy\/Christian.Monzel2 Gerne organisieren wir auch Reisen nach Afrika. InRead more about KONTAKT[...]\" \/>\n<meta property=\"og:url\" content=\"http:\/\/mental-safari.com\/?page_id=42\" \/>\n<meta property=\"og:site_name\" content=\"Neuro-Mental-Coaching: Mehr pers\u00f6nlicher Erfolg durch mentale St\u00e4rke\" \/>\n<meta property=\"article:modified_time\" content=\"2022-10-12T14:46:45+00:00\" \/>\n<meta property=\"og:image\" content=\"http:\/\/mental-safari.com\/wp-content\/uploads\/2015\/01\/floppy.jpg\" \/>\n\t<meta property=\"og:image:width\" content=\"949\" \/>\n\t<meta property=\"og:image:height\" content=\"328\" \/>\n\t<meta property=\"og:image:type\" content=\"image\/jpeg\" \/>\n<meta name=\"twitter:card\" content=\"summary_large_image\" \/>\n<meta name=\"twitter:label1\" content=\"Gesch\u00e4tzte Lesezeit\" \/>\n\t<meta name=\"twitter:data1\" content=\"1\u00a0Minute\" \/>\n<script type=\"application\/ld+json\" class=\"yoast-schema-graph\">{\"@context\":\"https:\\\/\\\/schema.org\",\"@graph\":[{\"@type\":\"WebPage\",\"@id\":\"http:\\\/\\\/mental-safari.com\\\/?page_id=42\",\"url\":\"http:\\\/\\\/mental-safari.com\\\/?page_id=42\",\"name\":\"KONTAKT - Neuro-Mental-Coaching: Mehr pers\u00f6nlicher Erfolg durch mentale St\u00e4rke\",\"isPartOf\":{\"@id\":\"http:\\\/\\\/mental-safari.com\\\/#website\"},\"primaryImageOfPage\":{\"@id\":\"http:\\\/\\\/mental-safari.com\\\/?page_id=42#primaryimage\"},\"image\":{\"@id\":\"http:\\\/\\\/mental-safari.com\\\/?page_id=42#primaryimage\"},\"thumbnailUrl\":\"http:\\\/\\\/mental-safari.com\\\/wp-content\\\/uploads\\\/2015\\\/01\\\/floppy.jpg\",\"datePublished\":\"2015-01-03T13:38:56+00:00\",\"dateModified\":\"2022-10-12T14:46:45+00:00\",\"breadcrumb\":{\"@id\":\"http:\\\/\\\/mental-safari.com\\\/?page_id=42#breadcrumb\"},\"inLanguage\":\"de\",\"potentialAction\":[{\"@type\":\"ReadAction\",\"target\":[\"http:\\\/\\\/mental-safari.com\\\/?page_id=42\"]}]},{\"@type\":\"ImageObject\",\"inLanguage\":\"de\",\"@id\":\"http:\\\/\\\/mental-safari.com\\\/?page_id=42#primaryimage\",\"url\":\"http:\\\/\\\/mental-safari.com\\\/wp-content\\\/uploads\\\/2015\\\/01\\\/floppy.jpg\",\"contentUrl\":\"http:\\\/\\\/mental-safari.com\\\/wp-content\\\/uploads\\\/2015\\\/01\\\/floppy.jpg\",\"width\":949,\"height\":328},{\"@type\":\"BreadcrumbList\",\"@id\":\"http:\\\/\\\/mental-safari.com\\\/?page_id=42#breadcrumb\",\"itemListElement\":[{\"@type\":\"ListItem\",\"position\":1,\"name\":\"Startseite\",\"item\":\"http:\\\/\\\/mental-safari.com\\\/\"},{\"@type\":\"ListItem\",\"position\":2,\"name\":\"KONTAKT\"}]},{\"@type\":\"WebSite\",\"@id\":\"http:\\\/\\\/mental-safari.com\\\/#website\",\"url\":\"http:\\\/\\\/mental-safari.com\\\/\",\"name\":\"Neuro-Mental-Coaching: Mehr pers\u00f6nlicher Erfolg durch mentale St\u00e4rke\",\"description\":\"Mehr Erfolg durch mentale St\u00e4rke\",\"potentialAction\":[{\"@type\":\"SearchAction\",\"target\":{\"@type\":\"EntryPoint\",\"urlTemplate\":\"http:\\\/\\\/mental-safari.com\\\/?s={search_term_string}\"},\"query-input\":{\"@type\":\"PropertyValueSpecification\",\"valueRequired\":true,\"valueName\":\"search_term_string\"}}],\"inLanguage\":\"de\"}]}<\/script>\n<!-- \/ Yoast SEO plugin. -->","yoast_head_json":{"title":"KONTAKT - Neuro-Mental-Coaching: Mehr pers\u00f6nlicher Erfolg durch mentale St\u00e4rke","robots":{"index":"index","follow":"follow","max-snippet":"max-snippet:-1","max-image-preview":"max-image-preview:large","max-video-preview":"max-video-preview:-1"},"canonical":"http:\/\/mental-safari.com\/?page_id=42","og_locale":"de_DE","og_type":"article","og_title":"KONTAKT - Neuro-Mental-Coaching: Mehr pers\u00f6nlicher Erfolg durch mentale St\u00e4rke","og_description":"Vielen Dank f\u00fcr Ihren Besuch und Ihr Interesse. Wenn Sie Fragen zu unseren Angeboten haben, k\u00f6nnen Sie gern per E-Mail\u00a0 Kontakt zu mir aufnehmen. cm@mental-safari.com brandandbrain Christian Monzel Gro\u00dfe Twiete 46 25499 Tangstedt Ich biete auch Webinare an. Schauen Sie doch mal bei meiner Online-Akademie vorbei: https:\/\/www.edudip.com\/academy\/Christian.Monzel2 Gerne organisieren wir auch Reisen nach Afrika. InRead more about KONTAKT[...]","og_url":"http:\/\/mental-safari.com\/?page_id=42","og_site_name":"Neuro-Mental-Coaching: Mehr pers\u00f6nlicher Erfolg durch mentale St\u00e4rke","article_modified_time":"2022-10-12T14:46:45+00:00","og_image":[{"width":949,"height":328,"url":"http:\/\/mental-safari.com\/wp-content\/uploads\/2015\/01\/floppy.jpg","type":"image\/jpeg"}],"twitter_card":"summary_large_image","twitter_misc":{"Gesch\u00e4tzte Lesezeit":"1\u00a0Minute"},"schema":{"@context":"https:\/\/schema.org","@graph":[{"@type":"WebPage","@id":"http:\/\/mental-safari.com\/?page_id=42","url":"http:\/\/mental-safari.com\/?page_id=42","name":"KONTAKT - Neuro-Mental-Coaching: Mehr pers\u00f6nlicher Erfolg durch mentale St\u00e4rke","isPartOf":{"@id":"http:\/\/mental-safari.com\/#website"},"primaryImageOfPage":{"@id":"http:\/\/mental-safari.com\/?page_id=42#primaryimage"},"image":{"@id":"http:\/\/mental-safari.com\/?page_id=42#primaryimage"},"thumbnailUrl":"http:\/\/mental-safari.com\/wp-content\/uploads\/2015\/01\/floppy.jpg","datePublished":"2015-01-03T13:38:56+00:00","dateModified":"2022-10-12T14:46:45+00:00","breadcrumb":{"@id":"http:\/\/mental-safari.com\/?page_id=42#breadcrumb"},"inLanguage":"de","potentialAction":[{"@type":"ReadAction","target":["http:\/\/mental-safari.com\/?page_id=42"]}]},{"@type":"ImageObject","inLanguage":"de","@id":"http:\/\/mental-safari.com\/?page_id=42#primaryimage","url":"http:\/\/mental-safari.com\/wp-content\/uploads\/2015\/01\/floppy.jpg","contentUrl":"http:\/\/mental-safari.com\/wp-content\/uploads\/2015\/01\/floppy.jpg","width":949,"height":328},{"@type":"BreadcrumbList","@id":"http:\/\/mental-safari.com\/?page_id=42#breadcrumb","itemListElement":[{"@type":"ListItem","position":1,"name":"Startseite","item":"http:\/\/mental-safari.com\/"},{"@type":"ListItem","position":2,"name":"KONTAKT"}]},{"@type":"WebSite","@id":"http:\/\/mental-safari.com\/#website","url":"http:\/\/mental-safari.com\/","name":"Neuro-Mental-Coaching: Mehr pers\u00f6nlicher Erfolg durch mentale St\u00e4rke","description":"Mehr Erfolg durch mentale St\u00e4rke","potentialAction":[{"@type":"SearchAction","target":{"@type":"EntryPoint","urlTemplate":"http:\/\/mental-safari.com\/?s={search_term_string}"},"query-input":{"@type":"PropertyValueSpecification","valueRequired":true,"valueName":"search_term_string"}}],"inLanguage":"de"}]}},"_links":{"self":[{"href":"http:\/\/mental-safari.com\/index.php?rest_route=\/wp\/v2\/pages\/42","targetHints":{"allow":["GET"]}}],"collection":[{"href":"http:\/\/mental-safari.com\/index.php?rest_route=\/wp\/v2\/pages"}],"about":[{"href":"http:\/\/mental-safari.com\/index.php?rest_route=\/wp\/v2\/types\/page"}],"author":[{"embeddable":true,"href":"http:\/\/mental-safari.com\/index.php?rest_route=\/wp\/v2\/users\/1"}],"replies":[{"embeddable":true,"href":"http:\/\/mental-safari.com\/index.php?rest_route=%2Fwp%2Fv2%2Fcomments&post=42"}],"version-history":[{"count":4,"href":"http:\/\/mental-safari.com\/index.php?rest_route=\/wp\/v2\/pages\/42\/revisions"}],"predecessor-version":[{"id":267,"href":"http:\/\/mental-safari.com\/index.php?rest_route=\/wp\/v2\/pages\/42\/revisions\/267"}],"wp:featuredmedia":[{"embeddable":true,"href":"http:\/\/mental-safari.com\/index.php?rest_route=\/wp\/v2\/media\/100"}],"wp:attachment":[{"href":"http:\/\/mental-safari.com\/index.php?rest_route=%2Fwp%2Fv2%2Fmedia&parent=42"}],"curies":[{"name":"wp","href":"https:\/\/api.w.org\/{rel}","templated":true}]}}