{"id":76,"date":"2015-01-23T10:41:26","date_gmt":"2015-01-23T09:41:26","guid":{"rendered":"http:\/\/mental-safari.com\/?page_id=76"},"modified":"2016-12-10T15:14:09","modified_gmt":"2016-12-10T14:14:09","slug":"locations","status":"publish","type":"page","link":"http:\/\/mental-safari.com\/?page_id=76","title":{"rendered":"LOCATIONS"},"content":{"rendered":"<h2><img loading=\"lazy\" decoding=\"async\" class=\"wp-image-220 alignnone\" src=\"http:\/\/mental-safari.com\/wp-content\/uploads\/2015\/01\/FKAN7605-300x169.jpg\" alt=\"fkan7605\" width=\"832\" height=\"469\" srcset=\"http:\/\/mental-safari.com\/wp-content\/uploads\/2015\/01\/FKAN7605-300x169.jpg 300w, http:\/\/mental-safari.com\/wp-content\/uploads\/2015\/01\/FKAN7605-768x432.jpg 768w, http:\/\/mental-safari.com\/wp-content\/uploads\/2015\/01\/FKAN7605-1024x576.jpg 1024w\" sizes=\"auto, (max-width: 832px) 100vw, 832px\" \/><\/h2>\n<h2>Secret Places<\/h2>\n<p>F\u00fcr eine mentale Reise\u00a0braucht man das richtige Umfeld. Die Vorlieben sind\u00a0da sehr unterschiedlich. Deshalb habe ich drei\u00a0verschiedene Locations ausgew\u00e4hlt f\u00fcr die mentale Reise.<\/p>\n<p>1. S\u00fcdafrika (Safari)<\/p>\n<p>2.\u00a0Mosambik (Relaxen und Schnorcheln)<\/p>\n<p>3. Mallorca (in der N\u00e4he von Palma)<\/p>\n<p>[huge_it_slider id=&#8220;3&#8243;]<\/p>\n","protected":false},"excerpt":{"rendered":"<p>Secret Places F\u00fcr eine mentale Reise\u00a0braucht man das richtige Umfeld. Die Vorlieben sind\u00a0da sehr unterschiedlich. Deshalb habe ich drei\u00a0verschiedene Locations ausgew\u00e4hlt f\u00fcr die mentale Reise. 1. S\u00fcdafrika (Safari) 2.\u00a0Mosambik (Relaxen und Schnorcheln) 3. Mallorca (in der N\u00e4he von Palma) [huge_it_slider id=&#8220;3&#8243;]<\/p>\n","protected":false},"author":1,"featured_media":99,"parent":0,"menu_order":0,"comment_status":"closed","ping_status":"closed","template":"","meta":{"footnotes":""},"class_list":["post-76","page","type-page","status-publish","has-post-thumbnail","hentry"],"yoast_head":"<!-- This site is optimized with the Yoast SEO plugin v27.4 - https:\/\/yoast.com\/product\/yoast-seo-wordpress\/ -->\n<title>LOCATIONS - Neuro-Mental-Coaching: Mehr pers\u00f6nlicher Erfolg durch mentale St\u00e4rke<\/title>\n<meta name=\"robots\" content=\"index, follow, max-snippet:-1, max-image-preview:large, max-video-preview:-1\" \/>\n<link rel=\"canonical\" href=\"http:\/\/mental-safari.com\/?page_id=76\" \/>\n<meta property=\"og:locale\" content=\"de_DE\" \/>\n<meta property=\"og:type\" content=\"article\" \/>\n<meta property=\"og:title\" content=\"LOCATIONS - Neuro-Mental-Coaching: Mehr pers\u00f6nlicher Erfolg durch mentale St\u00e4rke\" \/>\n<meta property=\"og:description\" content=\"Secret Places F\u00fcr eine mentale Reise\u00a0braucht man das richtige Umfeld. Die Vorlieben sind\u00a0da sehr unterschiedlich. Deshalb habe ich drei\u00a0verschiedene Locations ausgew\u00e4hlt f\u00fcr die mentale Reise. 1. S\u00fcdafrika (Safari) 2.\u00a0Mosambik (Relaxen und Schnorcheln) 3. Mallorca (in der N\u00e4he von Palma) [huge_it_slider id=&#8220;3&#8243;]\" \/>\n<meta property=\"og:url\" content=\"http:\/\/mental-safari.com\/?page_id=76\" \/>\n<meta property=\"og:site_name\" content=\"Neuro-Mental-Coaching: Mehr pers\u00f6nlicher Erfolg durch mentale St\u00e4rke\" \/>\n<meta property=\"article:modified_time\" content=\"2016-12-10T14:14:09+00:00\" \/>\n<meta property=\"og:image\" content=\"http:\/\/mental-safari.com\/wp-content\/uploads\/2015\/01\/Leopard.jpg\" \/>\n\t<meta property=\"og:image:width\" content=\"948\" \/>\n\t<meta property=\"og:image:height\" content=\"326\" \/>\n\t<meta property=\"og:image:type\" content=\"image\/jpeg\" \/>\n<meta name=\"twitter:card\" content=\"summary_large_image\" \/>\n<script type=\"application\/ld+json\" class=\"yoast-schema-graph\">{\"@context\":\"https:\\\/\\\/schema.org\",\"@graph\":[{\"@type\":\"WebPage\",\"@id\":\"http:\\\/\\\/mental-safari.com\\\/?page_id=76\",\"url\":\"http:\\\/\\\/mental-safari.com\\\/?page_id=76\",\"name\":\"LOCATIONS - Neuro-Mental-Coaching: Mehr pers\u00f6nlicher Erfolg durch mentale St\u00e4rke\",\"isPartOf\":{\"@id\":\"http:\\\/\\\/mental-safari.com\\\/#website\"},\"primaryImageOfPage\":{\"@id\":\"http:\\\/\\\/mental-safari.com\\\/?page_id=76#primaryimage\"},\"image\":{\"@id\":\"http:\\\/\\\/mental-safari.com\\\/?page_id=76#primaryimage\"},\"thumbnailUrl\":\"http:\\\/\\\/mental-safari.com\\\/wp-content\\\/uploads\\\/2015\\\/01\\\/Leopard.jpg\",\"datePublished\":\"2015-01-23T09:41:26+00:00\",\"dateModified\":\"2016-12-10T14:14:09+00:00\",\"breadcrumb\":{\"@id\":\"http:\\\/\\\/mental-safari.com\\\/?page_id=76#breadcrumb\"},\"inLanguage\":\"de\",\"potentialAction\":[{\"@type\":\"ReadAction\",\"target\":[\"http:\\\/\\\/mental-safari.com\\\/?page_id=76\"]}]},{\"@type\":\"ImageObject\",\"inLanguage\":\"de\",\"@id\":\"http:\\\/\\\/mental-safari.com\\\/?page_id=76#primaryimage\",\"url\":\"http:\\\/\\\/mental-safari.com\\\/wp-content\\\/uploads\\\/2015\\\/01\\\/Leopard.jpg\",\"contentUrl\":\"http:\\\/\\\/mental-safari.com\\\/wp-content\\\/uploads\\\/2015\\\/01\\\/Leopard.jpg\",\"width\":948,\"height\":326},{\"@type\":\"BreadcrumbList\",\"@id\":\"http:\\\/\\\/mental-safari.com\\\/?page_id=76#breadcrumb\",\"itemListElement\":[{\"@type\":\"ListItem\",\"position\":1,\"name\":\"Startseite\",\"item\":\"http:\\\/\\\/mental-safari.com\\\/\"},{\"@type\":\"ListItem\",\"position\":2,\"name\":\"LOCATIONS\"}]},{\"@type\":\"WebSite\",\"@id\":\"http:\\\/\\\/mental-safari.com\\\/#website\",\"url\":\"http:\\\/\\\/mental-safari.com\\\/\",\"name\":\"Neuro-Mental-Coaching: Mehr pers\u00f6nlicher Erfolg durch mentale St\u00e4rke\",\"description\":\"Mehr Erfolg durch mentale St\u00e4rke\",\"potentialAction\":[{\"@type\":\"SearchAction\",\"target\":{\"@type\":\"EntryPoint\",\"urlTemplate\":\"http:\\\/\\\/mental-safari.com\\\/?s={search_term_string}\"},\"query-input\":{\"@type\":\"PropertyValueSpecification\",\"valueRequired\":true,\"valueName\":\"search_term_string\"}}],\"inLanguage\":\"de\"}]}<\/script>\n<!-- \/ Yoast SEO plugin. -->","yoast_head_json":{"title":"LOCATIONS - Neuro-Mental-Coaching: Mehr pers\u00f6nlicher Erfolg durch mentale St\u00e4rke","robots":{"index":"index","follow":"follow","max-snippet":"max-snippet:-1","max-image-preview":"max-image-preview:large","max-video-preview":"max-video-preview:-1"},"canonical":"http:\/\/mental-safari.com\/?page_id=76","og_locale":"de_DE","og_type":"article","og_title":"LOCATIONS - Neuro-Mental-Coaching: Mehr pers\u00f6nlicher Erfolg durch mentale St\u00e4rke","og_description":"Secret Places F\u00fcr eine mentale Reise\u00a0braucht man das richtige Umfeld. Die Vorlieben sind\u00a0da sehr unterschiedlich. Deshalb habe ich drei\u00a0verschiedene Locations ausgew\u00e4hlt f\u00fcr die mentale Reise. 1. S\u00fcdafrika (Safari) 2.\u00a0Mosambik (Relaxen und Schnorcheln) 3. Mallorca (in der N\u00e4he von Palma) [huge_it_slider id=&#8220;3&#8243;]","og_url":"http:\/\/mental-safari.com\/?page_id=76","og_site_name":"Neuro-Mental-Coaching: Mehr pers\u00f6nlicher Erfolg durch mentale St\u00e4rke","article_modified_time":"2016-12-10T14:14:09+00:00","og_image":[{"width":948,"height":326,"url":"http:\/\/mental-safari.com\/wp-content\/uploads\/2015\/01\/Leopard.jpg","type":"image\/jpeg"}],"twitter_card":"summary_large_image","schema":{"@context":"https:\/\/schema.org","@graph":[{"@type":"WebPage","@id":"http:\/\/mental-safari.com\/?page_id=76","url":"http:\/\/mental-safari.com\/?page_id=76","name":"LOCATIONS - Neuro-Mental-Coaching: Mehr pers\u00f6nlicher Erfolg durch mentale St\u00e4rke","isPartOf":{"@id":"http:\/\/mental-safari.com\/#website"},"primaryImageOfPage":{"@id":"http:\/\/mental-safari.com\/?page_id=76#primaryimage"},"image":{"@id":"http:\/\/mental-safari.com\/?page_id=76#primaryimage"},"thumbnailUrl":"http:\/\/mental-safari.com\/wp-content\/uploads\/2015\/01\/Leopard.jpg","datePublished":"2015-01-23T09:41:26+00:00","dateModified":"2016-12-10T14:14:09+00:00","breadcrumb":{"@id":"http:\/\/mental-safari.com\/?page_id=76#breadcrumb"},"inLanguage":"de","potentialAction":[{"@type":"ReadAction","target":["http:\/\/mental-safari.com\/?page_id=76"]}]},{"@type":"ImageObject","inLanguage":"de","@id":"http:\/\/mental-safari.com\/?page_id=76#primaryimage","url":"http:\/\/mental-safari.com\/wp-content\/uploads\/2015\/01\/Leopard.jpg","contentUrl":"http:\/\/mental-safari.com\/wp-content\/uploads\/2015\/01\/Leopard.jpg","width":948,"height":326},{"@type":"BreadcrumbList","@id":"http:\/\/mental-safari.com\/?page_id=76#breadcrumb","itemListElement":[{"@type":"ListItem","position":1,"name":"Startseite","item":"http:\/\/mental-safari.com\/"},{"@type":"ListItem","position":2,"name":"LOCATIONS"}]},{"@type":"WebSite","@id":"http:\/\/mental-safari.com\/#website","url":"http:\/\/mental-safari.com\/","name":"Neuro-Mental-Coaching: Mehr pers\u00f6nlicher Erfolg durch mentale St\u00e4rke","description":"Mehr Erfolg durch mentale St\u00e4rke","potentialAction":[{"@type":"SearchAction","target":{"@type":"EntryPoint","urlTemplate":"http:\/\/mental-safari.com\/?s={search_term_string}"},"query-input":{"@type":"PropertyValueSpecification","valueRequired":true,"valueName":"search_term_string"}}],"inLanguage":"de"}]}},"_links":{"self":[{"href":"http:\/\/mental-safari.com\/index.php?rest_route=\/wp\/v2\/pages\/76","targetHints":{"allow":["GET"]}}],"collection":[{"href":"http:\/\/mental-safari.com\/index.php?rest_route=\/wp\/v2\/pages"}],"about":[{"href":"http:\/\/mental-safari.com\/index.php?rest_route=\/wp\/v2\/types\/page"}],"author":[{"embeddable":true,"href":"http:\/\/mental-safari.com\/index.php?rest_route=\/wp\/v2\/users\/1"}],"replies":[{"embeddable":true,"href":"http:\/\/mental-safari.com\/index.php?rest_route=%2Fwp%2Fv2%2Fcomments&post=76"}],"version-history":[{"count":10,"href":"http:\/\/mental-safari.com\/index.php?rest_route=\/wp\/v2\/pages\/76\/revisions"}],"predecessor-version":[{"id":238,"href":"http:\/\/mental-safari.com\/index.php?rest_route=\/wp\/v2\/pages\/76\/revisions\/238"}],"wp:featuredmedia":[{"embeddable":true,"href":"http:\/\/mental-safari.com\/index.php?rest_route=\/wp\/v2\/media\/99"}],"wp:attachment":[{"href":"http:\/\/mental-safari.com\/index.php?rest_route=%2Fwp%2Fv2%2Fmedia&parent=76"}],"curies":[{"name":"wp","href":"https:\/\/api.w.org\/{rel}","templated":true}]}}