{"id":79,"date":"2015-01-23T11:00:19","date_gmt":"2015-01-23T10:00:19","guid":{"rendered":"http:\/\/mental-safari.com\/?page_id=79"},"modified":"2016-12-10T15:16:50","modified_gmt":"2016-12-10T14:16:50","slug":"safari-in-afrika","status":"publish","type":"page","link":"http:\/\/mental-safari.com\/?page_id=79","title":{"rendered":"SAFARI IN AFRIKA"},"content":{"rendered":"<figure id=\"attachment_226\" aria-describedby=\"caption-attachment-226\" style=\"width: 614px\" class=\"wp-caption alignleft\"><img loading=\"lazy\" decoding=\"async\" class=\" wp-image-226\" src=\"http:\/\/mental-safari.com\/wp-content\/uploads\/2015\/01\/P1040278-300x169.jpg\" alt=\"OLYMPUS DIGITAL CAMERA\" width=\"614\" height=\"346\" srcset=\"http:\/\/mental-safari.com\/wp-content\/uploads\/2015\/01\/P1040278-300x169.jpg 300w, http:\/\/mental-safari.com\/wp-content\/uploads\/2015\/01\/P1040278-768x433.jpg 768w, http:\/\/mental-safari.com\/wp-content\/uploads\/2015\/01\/P1040278-1024x577.jpg 1024w\" sizes=\"auto, (max-width: 614px) 100vw, 614px\" \/><figcaption id=\"caption-attachment-226\" class=\"wp-caption-text\">Namibia Sosussvlei<\/figcaption><\/figure>\n<p>Nat\u00fcrlich denkt man bei dem Wort Safari direkt an Afrika. Eine Safari mit wilden Tieren und traumhaften Sonnenunterg\u00e4ngen.<\/p>\n<p>Ich bin in den letzten Jahren durch mehrere L\u00e4nder im s\u00fcdlichen Afrika gereist: Zimbabwe, Kenia, Tansania, Namibia, Swaziland und S\u00fcdafrika. Und ich habe erfahren: Nirgendwo kann ich so gut abschalten, wie in Afrika, wo mich die Natur und jede einzelne Tierbegegnung so fasziniert, dass ich den Alltag absolut hinter mir lassen kann.<\/p>\n<p>Inzwischen habe ich zusammen mit meiner Frau &#8222;magische&#8220; Pl\u00e4tze in S\u00fcdafrika gefunden, die ich gerne mit Ihnen teilen m\u00f6chte. Ihre Stille, ihre Faszination, ihre Urspr\u00fcnglichkeit und ihre\u00a0Tiere.<\/p>\n<p><a href=\"http:\/\/mental-safari.com\/wp-content\/uploads\/2015\/01\/IMG_0340.jpg\"><img loading=\"lazy\" decoding=\"async\" class=\"alignnone wp-image-58\" src=\"http:\/\/mental-safari.com\/wp-content\/uploads\/2015\/01\/IMG_0340-300x169.jpg\" alt=\"IMG_0340\" width=\"609\" height=\"343\" srcset=\"http:\/\/mental-safari.com\/wp-content\/uploads\/2015\/01\/IMG_0340-300x169.jpg 300w, http:\/\/mental-safari.com\/wp-content\/uploads\/2015\/01\/IMG_0340.jpg 1024w\" sizes=\"auto, (max-width: 609px) 100vw, 609px\" \/><\/a><\/p>\n<p>Eine Reise durch das s\u00fcdliche Afrika muss nicht teuer sein, wenn man sich auskennt. Wir haben ein kleines Private Game Reserve gefunden mit den BIG 5 wo man sehr g\u00fcnstig \u00fcbernachten kann. MIt einem Morning Walk mit Geparden oder anderen Tieren, wo man mehr \u00fcber die afrikanische Natur erf\u00e4hrt und einem Game Drive am Nachmittag, wo man die Big 9 (L\u00f6we, Leopard, Gepard, B\u00fcffel, Elefant, Nashorn, Nielpferd, Zebra und Giraffe) erleben kann. Und das alles f\u00fcr weniger als 60\u00a0\u20ac am Tag (ohne Verpflegung) in einem Camp mit sch\u00f6nen Cottages.<\/p>\n<p>Dazu eine kleine Lodge direkt am Kr\u00fcger Park an der Grenze nach Mozambique mit Blick auf den Crocodile River. Home far away from home. Hier haben wir die Big 5 schon von au\u00dferhalb des Parks gesehen und je nach Jahreszeit kommen die Elefanten jeden Tag direkt an der Lodge vorbei.<\/p>\n<p>[huge_it_slider id=&#8220;3&#8243;]<\/p>\n<p>Hier einige Impressionen und Tierbegegnungen, wie z.B. unser 14 Minuten dauernder Spaziergang mit einer Leopardin:<\/p>\n<p><a href=\"https:\/\/www.youtube.com\/watch?v=h3l4Wi1Sx70\">https:\/\/www.youtube.com\/watch?v=h3l4Wi1Sx70<\/a><\/p>\n<p>Impressionen \u00a0vom Amboseli Nationalpark in Kenia<\/p>\n<p><a href=\"https:\/\/www.youtube.com\/watch?v=lgpLedVMkec\">https:\/\/www.youtube.com\/watch?v=lgpLedVMkec<\/a><\/p>\n<p>Impressionen vom Kruger Nationalpark<\/p>\n<p><a href=\"https:\/\/www.youtube.com\/watch?v=DqKRtUmi8JQ\">https:\/\/www.youtube.com\/watch?v=DqKRtUmi8JQ<\/a><\/p>\n<p>&nbsp;<\/p>\n<p><strong>Hier ganz neue Impressionen unserer Reise im Oktober\/November 2015:<\/strong><\/p>\n<p>WE LOVE AFRICA!!!<\/p>\n<p><a href=\"https:\/\/youtu.be\/1_pc9BGu07Y\">https:\/\/youtu.be\/1_pc9BGu07Y<\/a><\/p>\n<p>Tshukudu: <a href=\"https:\/\/www.youtube.com\/watch?v=kW_9Z5d_vq8&amp;feature=youtu.be\">https:\/\/www.youtube.com\/watch?v=kW_9Z5d_vq8&amp;feature=youtu.be<\/a><\/p>\n<p>Lion Cups: <a href=\"https:\/\/www.youtube.com\/watch?v=MRf6jyiFnvo&amp;feature=youtu.be\">https:\/\/www.youtube.com\/watch?v=MRf6jyiFnvo&amp;feature=youtu.be<\/a><\/p>\n<p>Buckler&#8217;s Africa: <a href=\"https:\/\/www.youtube.com\/watch?v=yTCglCEzlWg&amp;feature=youtu.be\">https:\/\/www.youtube.com\/watch?v=yTCglCEzlWg&amp;feature=youtu.be<\/a><\/p>\n<p>&nbsp;<\/p>\n<p>Und hier ganz neu aus 2016: Unsere Ocean Safari zu den Walhaien in Mosambik<\/p>\n<p><a href=\"https:\/\/youtu.be\/IcR_fUN_0IU\">https:\/\/youtu.be\/IcR_fUN_0IU<\/a><\/p>\n<p>Gerne organisieren wir auch Reisen nach Afrika. In diesem Jahr hat uns die Reise (18 Tage) pro Person inkl. Flug und Mietwagen weniger als 2.000\u00a0\u20ac pro Person gekostet! Afrika muss nicht teuer sein!<\/p>\n<p>Schreiben Sie uns: <a href=\"mailto:cm@mental-safari.com\">cm@mental-safari.com<\/a><\/p>\n<p>&nbsp;<\/p>\n<p>&nbsp;<\/p>\n<p>&nbsp;<\/p>\n","protected":false},"excerpt":{"rendered":"<p>Nat\u00fcrlich denkt man bei dem Wort Safari direkt an Afrika. Eine Safari mit wilden Tieren und traumhaften Sonnenunterg\u00e4ngen. Ich bin in den letzten Jahren durch mehrere L\u00e4nder im s\u00fcdlichen Afrika gereist: Zimbabwe, Kenia, Tansania, Namibia, Swaziland und S\u00fcdafrika. Und ich habe erfahren: Nirgendwo kann ich so gut abschalten, wie in Afrika, wo mich die Natur<a class=\"moretag\" href=\"http:\/\/mental-safari.com\/?page_id=79\"><span class=\"screen-reader-text\">Read more about SAFARI IN AFRIKA<\/span>[&#8230;]<\/a><\/p>\n","protected":false},"author":1,"featured_media":86,"parent":0,"menu_order":0,"comment_status":"closed","ping_status":"closed","template":"","meta":{"footnotes":""},"class_list":["post-79","page","type-page","status-publish","has-post-thumbnail","hentry"],"yoast_head":"<!-- This site is optimized with the Yoast SEO plugin v27.4 - https:\/\/yoast.com\/product\/yoast-seo-wordpress\/ -->\n<title>SAFARI IN AFRIKA - Neuro-Mental-Coaching: Mehr pers\u00f6nlicher Erfolg durch mentale St\u00e4rke<\/title>\n<meta name=\"robots\" content=\"index, follow, max-snippet:-1, max-image-preview:large, max-video-preview:-1\" \/>\n<link rel=\"canonical\" href=\"http:\/\/mental-safari.com\/?page_id=79\" \/>\n<meta property=\"og:locale\" content=\"de_DE\" \/>\n<meta property=\"og:type\" content=\"article\" \/>\n<meta property=\"og:title\" content=\"SAFARI IN AFRIKA - Neuro-Mental-Coaching: Mehr pers\u00f6nlicher Erfolg durch mentale St\u00e4rke\" \/>\n<meta property=\"og:description\" content=\"Nat\u00fcrlich denkt man bei dem Wort Safari direkt an Afrika. Eine Safari mit wilden Tieren und traumhaften Sonnenunterg\u00e4ngen. Ich bin in den letzten Jahren durch mehrere L\u00e4nder im s\u00fcdlichen Afrika gereist: Zimbabwe, Kenia, Tansania, Namibia, Swaziland und S\u00fcdafrika. Und ich habe erfahren: Nirgendwo kann ich so gut abschalten, wie in Afrika, wo mich die NaturRead more about SAFARI IN AFRIKA[...]\" \/>\n<meta property=\"og:url\" content=\"http:\/\/mental-safari.com\/?page_id=79\" \/>\n<meta property=\"og:site_name\" content=\"Neuro-Mental-Coaching: Mehr pers\u00f6nlicher Erfolg durch mentale St\u00e4rke\" \/>\n<meta property=\"article:modified_time\" content=\"2016-12-10T14:16:50+00:00\" \/>\n<meta property=\"og:image\" content=\"http:\/\/mental-safari.com\/wp-content\/uploads\/2015\/01\/ele-HP.jpg\" \/>\n\t<meta property=\"og:image:width\" content=\"946\" \/>\n\t<meta property=\"og:image:height\" content=\"327\" \/>\n\t<meta property=\"og:image:type\" content=\"image\/jpeg\" \/>\n<meta name=\"twitter:card\" content=\"summary_large_image\" \/>\n<meta name=\"twitter:label1\" content=\"Gesch\u00e4tzte Lesezeit\" \/>\n\t<meta name=\"twitter:data1\" content=\"2\u00a0Minuten\" \/>\n<script type=\"application\/ld+json\" class=\"yoast-schema-graph\">{\"@context\":\"https:\\\/\\\/schema.org\",\"@graph\":[{\"@type\":\"WebPage\",\"@id\":\"http:\\\/\\\/mental-safari.com\\\/?page_id=79\",\"url\":\"http:\\\/\\\/mental-safari.com\\\/?page_id=79\",\"name\":\"SAFARI IN AFRIKA - Neuro-Mental-Coaching: Mehr pers\u00f6nlicher Erfolg durch mentale St\u00e4rke\",\"isPartOf\":{\"@id\":\"http:\\\/\\\/mental-safari.com\\\/#website\"},\"primaryImageOfPage\":{\"@id\":\"http:\\\/\\\/mental-safari.com\\\/?page_id=79#primaryimage\"},\"image\":{\"@id\":\"http:\\\/\\\/mental-safari.com\\\/?page_id=79#primaryimage\"},\"thumbnailUrl\":\"http:\\\/\\\/mental-safari.com\\\/wp-content\\\/uploads\\\/2015\\\/01\\\/ele-HP.jpg\",\"datePublished\":\"2015-01-23T10:00:19+00:00\",\"dateModified\":\"2016-12-10T14:16:50+00:00\",\"breadcrumb\":{\"@id\":\"http:\\\/\\\/mental-safari.com\\\/?page_id=79#breadcrumb\"},\"inLanguage\":\"de\",\"potentialAction\":[{\"@type\":\"ReadAction\",\"target\":[\"http:\\\/\\\/mental-safari.com\\\/?page_id=79\"]}]},{\"@type\":\"ImageObject\",\"inLanguage\":\"de\",\"@id\":\"http:\\\/\\\/mental-safari.com\\\/?page_id=79#primaryimage\",\"url\":\"http:\\\/\\\/mental-safari.com\\\/wp-content\\\/uploads\\\/2015\\\/01\\\/ele-HP.jpg\",\"contentUrl\":\"http:\\\/\\\/mental-safari.com\\\/wp-content\\\/uploads\\\/2015\\\/01\\\/ele-HP.jpg\",\"width\":946,\"height\":327},{\"@type\":\"BreadcrumbList\",\"@id\":\"http:\\\/\\\/mental-safari.com\\\/?page_id=79#breadcrumb\",\"itemListElement\":[{\"@type\":\"ListItem\",\"position\":1,\"name\":\"Startseite\",\"item\":\"http:\\\/\\\/mental-safari.com\\\/\"},{\"@type\":\"ListItem\",\"position\":2,\"name\":\"SAFARI IN AFRIKA\"}]},{\"@type\":\"WebSite\",\"@id\":\"http:\\\/\\\/mental-safari.com\\\/#website\",\"url\":\"http:\\\/\\\/mental-safari.com\\\/\",\"name\":\"Neuro-Mental-Coaching: Mehr pers\u00f6nlicher Erfolg durch mentale St\u00e4rke\",\"description\":\"Mehr Erfolg durch mentale St\u00e4rke\",\"potentialAction\":[{\"@type\":\"SearchAction\",\"target\":{\"@type\":\"EntryPoint\",\"urlTemplate\":\"http:\\\/\\\/mental-safari.com\\\/?s={search_term_string}\"},\"query-input\":{\"@type\":\"PropertyValueSpecification\",\"valueRequired\":true,\"valueName\":\"search_term_string\"}}],\"inLanguage\":\"de\"}]}<\/script>\n<!-- \/ Yoast SEO plugin. -->","yoast_head_json":{"title":"SAFARI IN AFRIKA - Neuro-Mental-Coaching: Mehr pers\u00f6nlicher Erfolg durch mentale St\u00e4rke","robots":{"index":"index","follow":"follow","max-snippet":"max-snippet:-1","max-image-preview":"max-image-preview:large","max-video-preview":"max-video-preview:-1"},"canonical":"http:\/\/mental-safari.com\/?page_id=79","og_locale":"de_DE","og_type":"article","og_title":"SAFARI IN AFRIKA - Neuro-Mental-Coaching: Mehr pers\u00f6nlicher Erfolg durch mentale St\u00e4rke","og_description":"Nat\u00fcrlich denkt man bei dem Wort Safari direkt an Afrika. Eine Safari mit wilden Tieren und traumhaften Sonnenunterg\u00e4ngen. Ich bin in den letzten Jahren durch mehrere L\u00e4nder im s\u00fcdlichen Afrika gereist: Zimbabwe, Kenia, Tansania, Namibia, Swaziland und S\u00fcdafrika. Und ich habe erfahren: Nirgendwo kann ich so gut abschalten, wie in Afrika, wo mich die NaturRead more about SAFARI IN AFRIKA[...]","og_url":"http:\/\/mental-safari.com\/?page_id=79","og_site_name":"Neuro-Mental-Coaching: Mehr pers\u00f6nlicher Erfolg durch mentale St\u00e4rke","article_modified_time":"2016-12-10T14:16:50+00:00","og_image":[{"width":946,"height":327,"url":"http:\/\/mental-safari.com\/wp-content\/uploads\/2015\/01\/ele-HP.jpg","type":"image\/jpeg"}],"twitter_card":"summary_large_image","twitter_misc":{"Gesch\u00e4tzte Lesezeit":"2\u00a0Minuten"},"schema":{"@context":"https:\/\/schema.org","@graph":[{"@type":"WebPage","@id":"http:\/\/mental-safari.com\/?page_id=79","url":"http:\/\/mental-safari.com\/?page_id=79","name":"SAFARI IN AFRIKA - Neuro-Mental-Coaching: Mehr pers\u00f6nlicher Erfolg durch mentale St\u00e4rke","isPartOf":{"@id":"http:\/\/mental-safari.com\/#website"},"primaryImageOfPage":{"@id":"http:\/\/mental-safari.com\/?page_id=79#primaryimage"},"image":{"@id":"http:\/\/mental-safari.com\/?page_id=79#primaryimage"},"thumbnailUrl":"http:\/\/mental-safari.com\/wp-content\/uploads\/2015\/01\/ele-HP.jpg","datePublished":"2015-01-23T10:00:19+00:00","dateModified":"2016-12-10T14:16:50+00:00","breadcrumb":{"@id":"http:\/\/mental-safari.com\/?page_id=79#breadcrumb"},"inLanguage":"de","potentialAction":[{"@type":"ReadAction","target":["http:\/\/mental-safari.com\/?page_id=79"]}]},{"@type":"ImageObject","inLanguage":"de","@id":"http:\/\/mental-safari.com\/?page_id=79#primaryimage","url":"http:\/\/mental-safari.com\/wp-content\/uploads\/2015\/01\/ele-HP.jpg","contentUrl":"http:\/\/mental-safari.com\/wp-content\/uploads\/2015\/01\/ele-HP.jpg","width":946,"height":327},{"@type":"BreadcrumbList","@id":"http:\/\/mental-safari.com\/?page_id=79#breadcrumb","itemListElement":[{"@type":"ListItem","position":1,"name":"Startseite","item":"http:\/\/mental-safari.com\/"},{"@type":"ListItem","position":2,"name":"SAFARI IN AFRIKA"}]},{"@type":"WebSite","@id":"http:\/\/mental-safari.com\/#website","url":"http:\/\/mental-safari.com\/","name":"Neuro-Mental-Coaching: Mehr pers\u00f6nlicher Erfolg durch mentale St\u00e4rke","description":"Mehr Erfolg durch mentale St\u00e4rke","potentialAction":[{"@type":"SearchAction","target":{"@type":"EntryPoint","urlTemplate":"http:\/\/mental-safari.com\/?s={search_term_string}"},"query-input":{"@type":"PropertyValueSpecification","valueRequired":true,"valueName":"search_term_string"}}],"inLanguage":"de"}]}},"_links":{"self":[{"href":"http:\/\/mental-safari.com\/index.php?rest_route=\/wp\/v2\/pages\/79","targetHints":{"allow":["GET"]}}],"collection":[{"href":"http:\/\/mental-safari.com\/index.php?rest_route=\/wp\/v2\/pages"}],"about":[{"href":"http:\/\/mental-safari.com\/index.php?rest_route=\/wp\/v2\/types\/page"}],"author":[{"embeddable":true,"href":"http:\/\/mental-safari.com\/index.php?rest_route=\/wp\/v2\/users\/1"}],"replies":[{"embeddable":true,"href":"http:\/\/mental-safari.com\/index.php?rest_route=%2Fwp%2Fv2%2Fcomments&post=79"}],"version-history":[{"count":11,"href":"http:\/\/mental-safari.com\/index.php?rest_route=\/wp\/v2\/pages\/79\/revisions"}],"predecessor-version":[{"id":241,"href":"http:\/\/mental-safari.com\/index.php?rest_route=\/wp\/v2\/pages\/79\/revisions\/241"}],"wp:featuredmedia":[{"embeddable":true,"href":"http:\/\/mental-safari.com\/index.php?rest_route=\/wp\/v2\/media\/86"}],"wp:attachment":[{"href":"http:\/\/mental-safari.com\/index.php?rest_route=%2Fwp%2Fv2%2Fmedia&parent=79"}],"curies":[{"name":"wp","href":"https:\/\/api.w.org\/{rel}","templated":true}]}}