{"id":87,"date":"2015-01-23T11:32:00","date_gmt":"2015-01-23T10:32:00","guid":{"rendered":"http:\/\/mental-safari.com\/?page_id=87"},"modified":"2016-12-10T15:22:21","modified_gmt":"2016-12-10T14:22:21","slug":"malediven-mental-safari-unterwasser","status":"publish","type":"page","link":"http:\/\/mental-safari.com\/?page_id=87","title":{"rendered":"MENTAL SAFARI UNTERWASSER"},"content":{"rendered":"<p><img loading=\"lazy\" decoding=\"async\" class=\"alignnone wp-image-178\" src=\"http:\/\/mental-safari.com\/wp-content\/uploads\/2016\/11\/2016-11-06_12-49-43_000-2016-11-10T01_45_38.058-300x169.jpeg\" alt=\"2016-11-06_12-49-43_000-2016-11-10t01_45_38-058\" width=\"998\" height=\"562\" srcset=\"http:\/\/mental-safari.com\/wp-content\/uploads\/2016\/11\/2016-11-06_12-49-43_000-2016-11-10T01_45_38.058-300x169.jpeg 300w, http:\/\/mental-safari.com\/wp-content\/uploads\/2016\/11\/2016-11-06_12-49-43_000-2016-11-10T01_45_38.058-768x432.jpeg 768w, http:\/\/mental-safari.com\/wp-content\/uploads\/2016\/11\/2016-11-06_12-49-43_000-2016-11-10T01_45_38.058-1024x576.jpeg 1024w\" sizes=\"auto, (max-width: 998px) 100vw, 998px\" \/><\/p>\n<p>Es gibt auch in Afrika mehrere Orte, um sich unter Wasser zu entspannen. In Mosambik kann man ganzj\u00e4hrig z.B. Wahlhaie beobachten. Hier einige Impressionen:<\/p>\n<div class=\"llorix-one-lite-video-container\"><iframe loading=\"lazy\" width=\"730\" height=\"411\" src=\"https:\/\/www.youtube.com\/embed\/IcR_fUN_0IU?start=8&#038;feature=oembed\" frameborder=\"0\" allowfullscreen><\/iframe><\/div>\n<p>Wenn man Malediven h\u00f6rt, denkt man an Paradies, Traumstr\u00e4nde, Sonne, teure Luxushotels. Das trifft weitgehend auch zu. Dazu kommt eine unglaubliche Unterwasserwelt, in der man schnorcheln und tauchen kann. Eine Welt, in der man total abschalten kann. Ich bin ein Schnorchler und habe bislang in Australien, \u00c4gypten, Sansibar, S\u00fcdafrika und den Malediven geschnorchelt. Dabei habe ich viele unvergessliche Tierbegegnungen gehabt.<\/p>\n<p>Die Malediven gehen auch g\u00fcnstig und vielseitiger als auf einer Touristeninsel. Ich habe bislang Hulhumale, Fulidhoo und Maafushi besucht und habe auch dort traumhafte Str\u00e4nde, sch\u00f6ne Hausriffe und viele Tiere gefunden. Dort kostet eine \u00dcbernachtung nur zwischen 40 und 90 \u20ac ca.<\/p>\n<p>Ein paar Impressionen von unserem letzten Urlaub findet Ihr hier:<\/p>\n<p><a href=\"https:\/\/www.youtube.com\/watch?v=-1lfZwPrD74\">https:\/\/www.youtube.com\/watch?v=-1lfZwPrD74<\/a><\/p>\n<p>Nat\u00fcrlich findet man auch in \u00c4gypten Orte zum Abschalten und Entspannen. Wenn man eine mentale Reise unter Wasser machen m\u00f6chte gibt es viele Spots. Meine Empfehlung w\u00e4ren die Malediven, Mosambik oder das Rote Meer (Marsa Alam).<\/p>\n<p>Bitte fragt nach weiteren Details.<\/p>\n<p>&nbsp;<\/p>\n","protected":false},"excerpt":{"rendered":"<p>Es gibt auch in Afrika mehrere Orte, um sich unter Wasser zu entspannen. In Mosambik kann man ganzj\u00e4hrig z.B. Wahlhaie beobachten. Hier einige Impressionen: Wenn man Malediven h\u00f6rt, denkt man an Paradies, Traumstr\u00e4nde, Sonne, teure Luxushotels. Das trifft weitgehend auch zu. Dazu kommt eine unglaubliche Unterwasserwelt, in der man schnorcheln und tauchen kann. Eine Welt,<a class=\"moretag\" href=\"http:\/\/mental-safari.com\/?page_id=87\"><span class=\"screen-reader-text\">Read more about MENTAL SAFARI UNTERWASSER<\/span>[&#8230;]<\/a><\/p>\n","protected":false},"author":1,"featured_media":85,"parent":0,"menu_order":0,"comment_status":"closed","ping_status":"closed","template":"","meta":{"footnotes":""},"class_list":["post-87","page","type-page","status-publish","has-post-thumbnail","hentry"],"yoast_head":"<!-- This site is optimized with the Yoast SEO plugin v27.4 - https:\/\/yoast.com\/product\/yoast-seo-wordpress\/ -->\n<title>MENTAL SAFARI UNTERWASSER - Neuro-Mental-Coaching: Mehr pers\u00f6nlicher Erfolg durch mentale St\u00e4rke<\/title>\n<meta name=\"robots\" content=\"index, follow, max-snippet:-1, max-image-preview:large, max-video-preview:-1\" \/>\n<link rel=\"canonical\" href=\"http:\/\/mental-safari.com\/?page_id=87\" \/>\n<meta property=\"og:locale\" content=\"de_DE\" \/>\n<meta property=\"og:type\" content=\"article\" \/>\n<meta property=\"og:title\" content=\"MENTAL SAFARI UNTERWASSER - Neuro-Mental-Coaching: Mehr pers\u00f6nlicher Erfolg durch mentale St\u00e4rke\" \/>\n<meta property=\"og:description\" content=\"Es gibt auch in Afrika mehrere Orte, um sich unter Wasser zu entspannen. In Mosambik kann man ganzj\u00e4hrig z.B. Wahlhaie beobachten. Hier einige Impressionen: Wenn man Malediven h\u00f6rt, denkt man an Paradies, Traumstr\u00e4nde, Sonne, teure Luxushotels. Das trifft weitgehend auch zu. Dazu kommt eine unglaubliche Unterwasserwelt, in der man schnorcheln und tauchen kann. Eine Welt,Read more about MENTAL SAFARI UNTERWASSER[...]\" \/>\n<meta property=\"og:url\" content=\"http:\/\/mental-safari.com\/?page_id=87\" \/>\n<meta property=\"og:site_name\" content=\"Neuro-Mental-Coaching: Mehr pers\u00f6nlicher Erfolg durch mentale St\u00e4rke\" \/>\n<meta property=\"article:modified_time\" content=\"2016-12-10T14:22:21+00:00\" \/>\n<meta property=\"og:image\" content=\"http:\/\/mental-safari.com\/wp-content\/uploads\/2015\/01\/HP61.png\" \/>\n\t<meta property=\"og:image:width\" content=\"970\" \/>\n\t<meta property=\"og:image:height\" content=\"336\" \/>\n\t<meta property=\"og:image:type\" content=\"image\/png\" \/>\n<meta name=\"twitter:card\" content=\"summary_large_image\" \/>\n<meta name=\"twitter:label1\" content=\"Gesch\u00e4tzte Lesezeit\" \/>\n\t<meta name=\"twitter:data1\" content=\"1\u00a0Minute\" \/>\n<script type=\"application\/ld+json\" class=\"yoast-schema-graph\">{\"@context\":\"https:\\\/\\\/schema.org\",\"@graph\":[{\"@type\":\"WebPage\",\"@id\":\"http:\\\/\\\/mental-safari.com\\\/?page_id=87\",\"url\":\"http:\\\/\\\/mental-safari.com\\\/?page_id=87\",\"name\":\"MENTAL SAFARI UNTERWASSER - Neuro-Mental-Coaching: Mehr pers\u00f6nlicher Erfolg durch mentale St\u00e4rke\",\"isPartOf\":{\"@id\":\"http:\\\/\\\/mental-safari.com\\\/#website\"},\"primaryImageOfPage\":{\"@id\":\"http:\\\/\\\/mental-safari.com\\\/?page_id=87#primaryimage\"},\"image\":{\"@id\":\"http:\\\/\\\/mental-safari.com\\\/?page_id=87#primaryimage\"},\"thumbnailUrl\":\"http:\\\/\\\/mental-safari.com\\\/wp-content\\\/uploads\\\/2015\\\/01\\\/HP61.png\",\"datePublished\":\"2015-01-23T10:32:00+00:00\",\"dateModified\":\"2016-12-10T14:22:21+00:00\",\"breadcrumb\":{\"@id\":\"http:\\\/\\\/mental-safari.com\\\/?page_id=87#breadcrumb\"},\"inLanguage\":\"de\",\"potentialAction\":[{\"@type\":\"ReadAction\",\"target\":[\"http:\\\/\\\/mental-safari.com\\\/?page_id=87\"]}]},{\"@type\":\"ImageObject\",\"inLanguage\":\"de\",\"@id\":\"http:\\\/\\\/mental-safari.com\\\/?page_id=87#primaryimage\",\"url\":\"http:\\\/\\\/mental-safari.com\\\/wp-content\\\/uploads\\\/2015\\\/01\\\/HP61.png\",\"contentUrl\":\"http:\\\/\\\/mental-safari.com\\\/wp-content\\\/uploads\\\/2015\\\/01\\\/HP61.png\",\"width\":970,\"height\":336},{\"@type\":\"BreadcrumbList\",\"@id\":\"http:\\\/\\\/mental-safari.com\\\/?page_id=87#breadcrumb\",\"itemListElement\":[{\"@type\":\"ListItem\",\"position\":1,\"name\":\"Startseite\",\"item\":\"http:\\\/\\\/mental-safari.com\\\/\"},{\"@type\":\"ListItem\",\"position\":2,\"name\":\"MENTAL SAFARI UNTERWASSER\"}]},{\"@type\":\"WebSite\",\"@id\":\"http:\\\/\\\/mental-safari.com\\\/#website\",\"url\":\"http:\\\/\\\/mental-safari.com\\\/\",\"name\":\"Neuro-Mental-Coaching: Mehr pers\u00f6nlicher Erfolg durch mentale St\u00e4rke\",\"description\":\"Mehr Erfolg durch mentale St\u00e4rke\",\"potentialAction\":[{\"@type\":\"SearchAction\",\"target\":{\"@type\":\"EntryPoint\",\"urlTemplate\":\"http:\\\/\\\/mental-safari.com\\\/?s={search_term_string}\"},\"query-input\":{\"@type\":\"PropertyValueSpecification\",\"valueRequired\":true,\"valueName\":\"search_term_string\"}}],\"inLanguage\":\"de\"}]}<\/script>\n<!-- \/ Yoast SEO plugin. -->","yoast_head_json":{"title":"MENTAL SAFARI UNTERWASSER - Neuro-Mental-Coaching: Mehr pers\u00f6nlicher Erfolg durch mentale St\u00e4rke","robots":{"index":"index","follow":"follow","max-snippet":"max-snippet:-1","max-image-preview":"max-image-preview:large","max-video-preview":"max-video-preview:-1"},"canonical":"http:\/\/mental-safari.com\/?page_id=87","og_locale":"de_DE","og_type":"article","og_title":"MENTAL SAFARI UNTERWASSER - Neuro-Mental-Coaching: Mehr pers\u00f6nlicher Erfolg durch mentale St\u00e4rke","og_description":"Es gibt auch in Afrika mehrere Orte, um sich unter Wasser zu entspannen. In Mosambik kann man ganzj\u00e4hrig z.B. Wahlhaie beobachten. Hier einige Impressionen: Wenn man Malediven h\u00f6rt, denkt man an Paradies, Traumstr\u00e4nde, Sonne, teure Luxushotels. Das trifft weitgehend auch zu. Dazu kommt eine unglaubliche Unterwasserwelt, in der man schnorcheln und tauchen kann. Eine Welt,Read more about MENTAL SAFARI UNTERWASSER[...]","og_url":"http:\/\/mental-safari.com\/?page_id=87","og_site_name":"Neuro-Mental-Coaching: Mehr pers\u00f6nlicher Erfolg durch mentale St\u00e4rke","article_modified_time":"2016-12-10T14:22:21+00:00","og_image":[{"width":970,"height":336,"url":"http:\/\/mental-safari.com\/wp-content\/uploads\/2015\/01\/HP61.png","type":"image\/png"}],"twitter_card":"summary_large_image","twitter_misc":{"Gesch\u00e4tzte Lesezeit":"1\u00a0Minute"},"schema":{"@context":"https:\/\/schema.org","@graph":[{"@type":"WebPage","@id":"http:\/\/mental-safari.com\/?page_id=87","url":"http:\/\/mental-safari.com\/?page_id=87","name":"MENTAL SAFARI UNTERWASSER - Neuro-Mental-Coaching: Mehr pers\u00f6nlicher Erfolg durch mentale St\u00e4rke","isPartOf":{"@id":"http:\/\/mental-safari.com\/#website"},"primaryImageOfPage":{"@id":"http:\/\/mental-safari.com\/?page_id=87#primaryimage"},"image":{"@id":"http:\/\/mental-safari.com\/?page_id=87#primaryimage"},"thumbnailUrl":"http:\/\/mental-safari.com\/wp-content\/uploads\/2015\/01\/HP61.png","datePublished":"2015-01-23T10:32:00+00:00","dateModified":"2016-12-10T14:22:21+00:00","breadcrumb":{"@id":"http:\/\/mental-safari.com\/?page_id=87#breadcrumb"},"inLanguage":"de","potentialAction":[{"@type":"ReadAction","target":["http:\/\/mental-safari.com\/?page_id=87"]}]},{"@type":"ImageObject","inLanguage":"de","@id":"http:\/\/mental-safari.com\/?page_id=87#primaryimage","url":"http:\/\/mental-safari.com\/wp-content\/uploads\/2015\/01\/HP61.png","contentUrl":"http:\/\/mental-safari.com\/wp-content\/uploads\/2015\/01\/HP61.png","width":970,"height":336},{"@type":"BreadcrumbList","@id":"http:\/\/mental-safari.com\/?page_id=87#breadcrumb","itemListElement":[{"@type":"ListItem","position":1,"name":"Startseite","item":"http:\/\/mental-safari.com\/"},{"@type":"ListItem","position":2,"name":"MENTAL SAFARI UNTERWASSER"}]},{"@type":"WebSite","@id":"http:\/\/mental-safari.com\/#website","url":"http:\/\/mental-safari.com\/","name":"Neuro-Mental-Coaching: Mehr pers\u00f6nlicher Erfolg durch mentale St\u00e4rke","description":"Mehr Erfolg durch mentale St\u00e4rke","potentialAction":[{"@type":"SearchAction","target":{"@type":"EntryPoint","urlTemplate":"http:\/\/mental-safari.com\/?s={search_term_string}"},"query-input":{"@type":"PropertyValueSpecification","valueRequired":true,"valueName":"search_term_string"}}],"inLanguage":"de"}]}},"_links":{"self":[{"href":"http:\/\/mental-safari.com\/index.php?rest_route=\/wp\/v2\/pages\/87","targetHints":{"allow":["GET"]}}],"collection":[{"href":"http:\/\/mental-safari.com\/index.php?rest_route=\/wp\/v2\/pages"}],"about":[{"href":"http:\/\/mental-safari.com\/index.php?rest_route=\/wp\/v2\/types\/page"}],"author":[{"embeddable":true,"href":"http:\/\/mental-safari.com\/index.php?rest_route=\/wp\/v2\/users\/1"}],"replies":[{"embeddable":true,"href":"http:\/\/mental-safari.com\/index.php?rest_route=%2Fwp%2Fv2%2Fcomments&post=87"}],"version-history":[{"count":6,"href":"http:\/\/mental-safari.com\/index.php?rest_route=\/wp\/v2\/pages\/87\/revisions"}],"predecessor-version":[{"id":245,"href":"http:\/\/mental-safari.com\/index.php?rest_route=\/wp\/v2\/pages\/87\/revisions\/245"}],"wp:featuredmedia":[{"embeddable":true,"href":"http:\/\/mental-safari.com\/index.php?rest_route=\/wp\/v2\/media\/85"}],"wp:attachment":[{"href":"http:\/\/mental-safari.com\/index.php?rest_route=%2Fwp%2Fv2%2Fmedia&parent=87"}],"curies":[{"name":"wp","href":"https:\/\/api.w.org\/{rel}","templated":true}]}}